{"id":1469,"date":"2024-10-23T14:03:41","date_gmt":"2024-10-23T13:03:41","guid":{"rendered":"https:\/\/monaghan.ie\/arts\/?page_id=1023"},"modified":"2024-10-23T14:03:41","modified_gmt":"2024-10-23T13:03:41","slug":"news-events-archive","status":"publish","type":"page","link":"https:\/\/monaghan.ie\/arts\/news-events-archive\/","title":{"rendered":"News &amp; Events Archive"},"content":{"rendered":"\t\t<div data-elementor-type=\"wp-page\" data-elementor-id=\"1469\" class=\"elementor elementor-1469\" data-elementor-post-type=\"page\">\n\t\t\t\t<div class=\"elementor-element elementor-element-de8a51d e-flex e-con-boxed elementor-repeater-item-default_padding elementor-repeater-item-none elementor-repeater-item-none_hover e-con e-parent\" data-id=\"de8a51d\" data-element_type=\"container\" data-e-type=\"container\" data-settings=\"{&quot;ang_container_spacing_size&quot;:&quot;default_padding&quot;}\">\n\t\t\t\t\t<div class=\"e-con-inner\">\n\t\t\t\t<div class=\"elementor-element elementor-element-4ef25bf elementor-grid-1 elementor-posts--thumbnail-none elementor-grid-tablet-2 elementor-grid-mobile-1 elementor-card-shadow-yes elementor-posts__hover-gradient elementor-repeater-item-none elementor-repeater-item-none_hover elementor-widget elementor-widget-posts\" data-id=\"4ef25bf\" data-element_type=\"widget\" data-e-type=\"widget\" data-settings=\"{&quot;cards_columns&quot;:&quot;1&quot;,&quot;pagination_type&quot;:&quot;numbers&quot;,&quot;cards_columns_tablet&quot;:&quot;2&quot;,&quot;cards_columns_mobile&quot;:&quot;1&quot;,&quot;cards_row_gap&quot;:{&quot;unit&quot;:&quot;px&quot;,&quot;size&quot;:35,&quot;sizes&quot;:[]},&quot;cards_row_gap_tablet&quot;:{&quot;unit&quot;:&quot;px&quot;,&quot;size&quot;:&quot;&quot;,&quot;sizes&quot;:[]},&quot;cards_row_gap_mobile&quot;:{&quot;unit&quot;:&quot;px&quot;,&quot;size&quot;:&quot;&quot;,&quot;sizes&quot;:[]}}\" data-widget_type=\"posts.cards\">\n\t\t\t\t<div class=\"elementor-widget-container\">\n\t\t\t\t\t\t\t<div class=\"elementor-posts-container elementor-posts elementor-posts--skin-cards elementor-grid\" role=\"list\">\n\t\t\t\t<article class=\"elementor-post elementor-grid-item post-922 post type-post status-publish format-standard hentry category-archive\" role=\"listitem\">\n\t\t\t<div class=\"elementor-post__card\">\n\t\t\t\t<div class=\"elementor-post__text\">\n\t\t\t\t<h3 class=\"elementor-post__title\">\n\t\t\t<a href=\"https:\/\/monaghan.ie\/arts\/2025\/01\/02\/artist-support-scheme-2025-announced\/\" >\n\t\t\t\tArtist Support Scheme 2025\t\t\t<\/a>\n\t\t<\/h3>\n\t\t\t\t<div class=\"elementor-post__excerpt\">\n\t\t\t<p>The Artist Support Scheme 2025 is closed, for more information and guidelines please click here &gt;&gt;<\/p>\n\t\t<\/div>\n\t\t\n\t\t<a class=\"elementor-post__read-more\" href=\"https:\/\/monaghan.ie\/arts\/2025\/01\/02\/artist-support-scheme-2025-announced\/\" aria-label=\"Read more about Artist Support Scheme 2025\" tabindex=\"-1\" >\n\t\t\tRead More \u00bb\t\t<\/a>\n\n\t\t\t\t<\/div>\n\t\t\t\t<div class=\"elementor-post__meta-data\">\n\t\t\t\t\t<span class=\"elementor-post-date\">\n\t\t\t2nd January 2025\t\t<\/span>\n\t\t\t\t<\/div>\n\t\t\t\t\t<\/div>\n\t\t<\/article>\n\t\t\t\t<article class=\"elementor-post elementor-grid-item post-917 post type-post status-publish format-standard hentry category-archive\" role=\"listitem\">\n\t\t\t<div class=\"elementor-post__card\">\n\t\t\t\t<div class=\"elementor-post__text\">\n\t\t\t\t<h3 class=\"elementor-post__title\">\n\t\t\t<a href=\"https:\/\/monaghan.ie\/arts\/2025\/01\/02\/arts-partnership-grant-scheme-2025-announced\/\" >\n\t\t\t\tArts Partnership Grant Scheme 2025\t\t\t<\/a>\n\t\t<\/h3>\n\t\t\t\t<div class=\"elementor-post__excerpt\">\n\t\t\t<p>The Arts Partnership Grant is open for applications, for more information and guidelines please click here &gt;&gt;<\/p>\n\t\t<\/div>\n\t\t\n\t\t<a class=\"elementor-post__read-more\" href=\"https:\/\/monaghan.ie\/arts\/2025\/01\/02\/arts-partnership-grant-scheme-2025-announced\/\" aria-label=\"Read more about Arts Partnership Grant Scheme 2025\" tabindex=\"-1\" >\n\t\t\tRead More \u00bb\t\t<\/a>\n\n\t\t\t\t<\/div>\n\t\t\t\t<div class=\"elementor-post__meta-data\">\n\t\t\t\t\t<span class=\"elementor-post-date\">\n\t\t\t2nd January 2025\t\t<\/span>\n\t\t\t\t<\/div>\n\t\t\t\t\t<\/div>\n\t\t<\/article>\n\t\t\t\t<article class=\"elementor-post elementor-grid-item post-705 post type-post status-publish format-standard hentry category-archive\" role=\"listitem\">\n\t\t\t<div class=\"elementor-post__card\">\n\t\t\t\t<div class=\"elementor-post__text\">\n\t\t\t\t<h3 class=\"elementor-post__title\">\n\t\t\t<a href=\"https:\/\/monaghan.ie\/arts\/2022\/04\/25\/awful-auntie-by-david-walliams-open-air-production-at-hilton-park-clones-on-sunday-8th-may\/\" >\n\t\t\t\tAwful Auntie by David Walliams, Open Air Production at Hilton Park, Clones on Sunday 8th May\t\t\t<\/a>\n\t\t<\/h3>\n\t\t\t\t<div class=\"elementor-post__excerpt\">\n\t\t\t<p>Heartbreak Productions will be performing David Walliams\u2019 Awful Auntie in the grounds of Hilton Park outside of Clones, County Monaghan on Sunday 8th May . Known for staging classics in<\/p>\n\t\t<\/div>\n\t\t\n\t\t<a class=\"elementor-post__read-more\" href=\"https:\/\/monaghan.ie\/arts\/2022\/04\/25\/awful-auntie-by-david-walliams-open-air-production-at-hilton-park-clones-on-sunday-8th-may\/\" aria-label=\"Read more about Awful Auntie by David Walliams, Open Air Production at Hilton Park, Clones on Sunday 8th May\" tabindex=\"-1\" >\n\t\t\tRead More \u00bb\t\t<\/a>\n\n\t\t\t\t<\/div>\n\t\t\t\t<div class=\"elementor-post__meta-data\">\n\t\t\t\t\t<span class=\"elementor-post-date\">\n\t\t\t25th April 2022\t\t<\/span>\n\t\t\t\t<\/div>\n\t\t\t\t\t<\/div>\n\t\t<\/article>\n\t\t\t\t<article class=\"elementor-post elementor-grid-item post-698 post type-post status-publish format-standard hentry category-archive\" role=\"listitem\">\n\t\t\t<div class=\"elementor-post__card\">\n\t\t\t\t<div class=\"elementor-post__text\">\n\t\t\t\t<h3 class=\"elementor-post__title\">\n\t\t\t<a href=\"https:\/\/monaghan.ie\/arts\/2022\/04\/11\/arts-partner-grant-applicants\/\" >\n\t\t\t\tArts Partner Grant Applicants\t\t\t<\/a>\n\t\t<\/h3>\n\t\t\t\t<div class=\"elementor-post__excerpt\">\n\t\t\t<p>&nbsp; \u00a0 \u00a0 \u00a0 \u00a0 \u00a0 \u00a0 \u00a0 \u00a0 \u00a0 \u00a0 \u00a0 \u00a0 &nbsp; Arts Partner Grant Applicants\u00a0\u00a0\u00a0\u00a0\u00a0\u00a0\u00a0\u00a0\u00a0\u00a0\u00a0\u00a0\u00a0\u00a0\u00a0\u00a0\u00a0\u00a0\u00a0\u00a0\u00a0\u00a0\u00a0\u00a0\u00a0\u00a0\u00a0\u00a0\u00a0\u00a0\u00a0\u00a0\u00a0\u00a0\u00a0 Amount Awarded 1\u00a0\u00a0\u00a0\u00a0\u00a0\u00a0\u00a0\u00a0\u00a0\u00a0\u00a0\u00a0\u00a0 Castleblayney Drama Festival\u00a0 \u00a0 \u00a0 \u00a0 \u00a0 \u00a0 \u00a0<\/p>\n\t\t<\/div>\n\t\t\n\t\t<a class=\"elementor-post__read-more\" href=\"https:\/\/monaghan.ie\/arts\/2022\/04\/11\/arts-partner-grant-applicants\/\" aria-label=\"Read more about Arts Partner Grant Applicants\" tabindex=\"-1\" >\n\t\t\tRead More \u00bb\t\t<\/a>\n\n\t\t\t\t<\/div>\n\t\t\t\t<div class=\"elementor-post__meta-data\">\n\t\t\t\t\t<span class=\"elementor-post-date\">\n\t\t\t11th April 2022\t\t<\/span>\n\t\t\t\t<\/div>\n\t\t\t\t\t<\/div>\n\t\t<\/article>\n\t\t\t\t<article class=\"elementor-post elementor-grid-item post-674 post type-post status-publish format-standard hentry category-archive\" role=\"listitem\">\n\t\t\t<div class=\"elementor-post__card\">\n\t\t\t\t<div class=\"elementor-post__text\">\n\t\t\t\t<h3 class=\"elementor-post__title\">\n\t\t\t<a href=\"https:\/\/monaghan.ie\/arts\/2022\/03\/31\/sceim-tacaiochta-ealaiontoir-artist-support-scheme-2022\/\" >\n\t\t\t\tSc\u00e9im Taca\u00edochta Eala\u00edont\u00f3ir\/ Artist Support Scheme 2022\t\t\t<\/a>\n\t\t<\/h3>\n\t\t\t\t<div class=\"elementor-post__excerpt\">\n\t\t\t<p>The 2023 Artist Support Scheme will be Open on the 23rd of March 2023 Emerging Talent\u00a0\u00a0\u00a0\u00a0\u00a0\u00a0\u00a0\u00a0\u00a0\u00a0\u00a0\u00a0\u00a0\u00a0\u00a0\u00a0\u00a0\u00a0\u00a0\u00a0\u00a0\u00a0\u00a0\u00a0\u00a0\u00a0\u00a0\u00a0\u00a0\u00a0\u00a0\u00a0\u00a0\u00a0\u00a0\u00a0\u00a0\u00a0\u00a0\u00a0\u00a0\u00a0\u00a0\u00a0\u00a0\u00a0\u00a0\u00a0\u00a0\u00a0\u00a0 Established Artist Up to 6 Awards of \u20ac400 each \u00a0\u00a0\u00a0\u00a0\u00a0\u00a0\u00a0\u00a0\u00a0\u00a0\u00a0\u00a0\u00a0\u00a0\u00a0\u00a0\u00a0\u00a0\u00a0\u00a0\u00a0\u00a0\u00a0\u00a0\u00a0\u00a0\u00a0 up to 12 Awards<\/p>\n\t\t<\/div>\n\t\t\n\t\t<a class=\"elementor-post__read-more\" href=\"https:\/\/monaghan.ie\/arts\/2022\/03\/31\/sceim-tacaiochta-ealaiontoir-artist-support-scheme-2022\/\" aria-label=\"Read more about Sc\u00e9im Taca\u00edochta Eala\u00edont\u00f3ir\/ Artist Support Scheme 2022\" tabindex=\"-1\" >\n\t\t\tRead More \u00bb\t\t<\/a>\n\n\t\t\t\t<\/div>\n\t\t\t\t<div class=\"elementor-post__meta-data\">\n\t\t\t\t\t<span class=\"elementor-post-date\">\n\t\t\t31st March 2022\t\t<\/span>\n\t\t\t\t<\/div>\n\t\t\t\t\t<\/div>\n\t\t<\/article>\n\t\t\t\t<article class=\"elementor-post elementor-grid-item post-667 post type-post status-publish format-standard hentry category-archive\" role=\"listitem\">\n\t\t\t<div class=\"elementor-post__card\">\n\t\t\t\t<div class=\"elementor-post__text\">\n\t\t\t\t<h3 class=\"elementor-post__title\">\n\t\t\t<a href=\"https:\/\/monaghan.ie\/arts\/2022\/02\/28\/platform-31-artist-support-scheme\/\" >\n\t\t\t\tPLATFORM 31 ARTIST SUPPORT SCHEME\t\t\t<\/a>\n\t\t<\/h3>\n\t\t\t\t<div class=\"elementor-post__excerpt\">\n\t\t\t<p>PLATFORM 31 ARTIST SUPPORT SCHEME TO RUN FOR SECOND YEAR AFTER SUCCESSFUL PILOT Nationwide scheme by the 31 Local Authority Arts Offices in collaboration with the Arts Council opens for<\/p>\n\t\t<\/div>\n\t\t\n\t\t<a class=\"elementor-post__read-more\" href=\"https:\/\/monaghan.ie\/arts\/2022\/02\/28\/platform-31-artist-support-scheme\/\" aria-label=\"Read more about PLATFORM 31 ARTIST SUPPORT SCHEME\" tabindex=\"-1\" >\n\t\t\tRead More \u00bb\t\t<\/a>\n\n\t\t\t\t<\/div>\n\t\t\t\t<div class=\"elementor-post__meta-data\">\n\t\t\t\t\t<span class=\"elementor-post-date\">\n\t\t\t28th February 2022\t\t<\/span>\n\t\t\t\t<\/div>\n\t\t\t\t\t<\/div>\n\t\t<\/article>\n\t\t\t\t<article class=\"elementor-post elementor-grid-item post-658 post type-post status-publish format-standard hentry category-archive\" role=\"listitem\">\n\t\t\t<div class=\"elementor-post__card\">\n\t\t\t\t<div class=\"elementor-post__text\">\n\t\t\t\t<h3 class=\"elementor-post__title\">\n\t\t\t<a href=\"https:\/\/monaghan.ie\/arts\/2022\/02\/24\/local-live-performance-programming-scheme-phase-iii\/\" >\n\t\t\t\tLocal Live Performance Programming Scheme Phase III\t\t\t<\/a>\n\t\t<\/h3>\n\t\t\t\t<div class=\"elementor-post__excerpt\">\n\t\t\t<p>Comhairle Contae Mhuineach\u00e1n\/ Monaghan County Council F\u00f3gra ag lorg L\u00e9irithe sp\u00e9ise don\/ Notice Seeking Expressions of interest for the Local Live Performance Programming Scheme Phase III \u00a0Bealtaine-Meitheamh\u00a0 \/ May-June 2022<\/p>\n\t\t<\/div>\n\t\t\n\t\t<a class=\"elementor-post__read-more\" href=\"https:\/\/monaghan.ie\/arts\/2022\/02\/24\/local-live-performance-programming-scheme-phase-iii\/\" aria-label=\"Read more about Local Live Performance Programming Scheme Phase III\" tabindex=\"-1\" >\n\t\t\tRead More \u00bb\t\t<\/a>\n\n\t\t\t\t<\/div>\n\t\t\t\t<div class=\"elementor-post__meta-data\">\n\t\t\t\t\t<span class=\"elementor-post-date\">\n\t\t\t24th February 2022\t\t<\/span>\n\t\t\t\t<\/div>\n\t\t\t\t\t<\/div>\n\t\t<\/article>\n\t\t\t\t<article class=\"elementor-post elementor-grid-item post-631 post type-post status-publish format-standard hentry category-archive\" role=\"listitem\">\n\t\t\t<div class=\"elementor-post__card\">\n\t\t\t\t<div class=\"elementor-post__text\">\n\t\t\t\t<h3 class=\"elementor-post__title\">\n\t\t\t<a href=\"https:\/\/monaghan.ie\/arts\/2022\/02\/08\/clones-artists-studios-stiuideo-ealaiontoiri-cluain-eois\/\" >\n\t\t\t\tCLONES ARTISTS\u2019 STUDIOS \/ STI\u00daIDEO EALA\u00cdONT\u00d3IR\u00cd CLUAIN EOIS\t\t\t<\/a>\n\t\t<\/h3>\n\t\t\t\t<div class=\"elementor-post__excerpt\">\n\t\t\t<p>Comhairle Contae Mhuineach\u00e1n\/ Monaghan County Council Notice Seeking \/F\u00f3gra ag lorg interest from Artists to\/ suim \u00f3 Eala\u00edont\u00f3ir\u00ed go dt\u00ed The Old Post Office, The Diamond Clones, County Monaghan An<\/p>\n\t\t<\/div>\n\t\t\n\t\t<a class=\"elementor-post__read-more\" href=\"https:\/\/monaghan.ie\/arts\/2022\/02\/08\/clones-artists-studios-stiuideo-ealaiontoiri-cluain-eois\/\" aria-label=\"Read more about CLONES ARTISTS\u2019 STUDIOS \/ STI\u00daIDEO EALA\u00cdONT\u00d3IR\u00cd CLUAIN EOIS\" tabindex=\"-1\" >\n\t\t\tRead More \u00bb\t\t<\/a>\n\n\t\t\t\t<\/div>\n\t\t\t\t<div class=\"elementor-post__meta-data\">\n\t\t\t\t\t<span class=\"elementor-post-date\">\n\t\t\t8th February 2022\t\t<\/span>\n\t\t\t\t<\/div>\n\t\t\t\t\t<\/div>\n\t\t<\/article>\n\t\t\t\t<article class=\"elementor-post elementor-grid-item post-510 post type-post status-publish format-standard hentry category-archive\" role=\"listitem\">\n\t\t\t<div class=\"elementor-post__card\">\n\t\t\t\t<div class=\"elementor-post__text\">\n\t\t\t\t<h3 class=\"elementor-post__title\">\n\t\t\t<a href=\"https:\/\/monaghan.ie\/arts\/2021\/08\/20\/arts-partnership-grant-2021\/\" >\n\t\t\t\tArts Partnership Grant 2021\t\t\t<\/a>\n\t\t<\/h3>\n\t\t\t\t<div class=\"elementor-post__excerpt\">\n\t\t\t<p>Arts Partnership Grant \/Deontas Comhph\u00e1irt\u00edochta Eala\u00edon Application &amp; Guidelines \/Treoirl\u00ednte &amp; Iarratais Sprioc L\u00e1 chun iarratas a chur isteach\/ Final date to submit application \u00a0\u00a0\u00a0\u00a0\u00a0 4.00i.n. D\u00e9 C\u00e9adaoin 15 Me\u00e1n<\/p>\n\t\t<\/div>\n\t\t\n\t\t<a class=\"elementor-post__read-more\" href=\"https:\/\/monaghan.ie\/arts\/2021\/08\/20\/arts-partnership-grant-2021\/\" aria-label=\"Read more about Arts Partnership Grant 2021\" tabindex=\"-1\" >\n\t\t\tRead More \u00bb\t\t<\/a>\n\n\t\t\t\t<\/div>\n\t\t\t\t<div class=\"elementor-post__meta-data\">\n\t\t\t\t\t<span class=\"elementor-post-date\">\n\t\t\t20th August 2021\t\t<\/span>\n\t\t\t\t<\/div>\n\t\t\t\t\t<\/div>\n\t\t<\/article>\n\t\t\t\t<article class=\"elementor-post elementor-grid-item post-506 post type-post status-publish format-standard hentry category-archive\" role=\"listitem\">\n\t\t\t<div class=\"elementor-post__card\">\n\t\t\t\t<div class=\"elementor-post__text\">\n\t\t\t\t<h3 class=\"elementor-post__title\">\n\t\t\t<a href=\"https:\/\/monaghan.ie\/arts\/2021\/08\/20\/artist-support-scheme-2021\/\" >\n\t\t\t\tArtist Support Scheme 2021\t\t\t<\/a>\n\t\t<\/h3>\n\t\t\t\t<div class=\"elementor-post__excerpt\">\n\t\t\t<p>Artist Support Scheme\/Taca\u00edocht do Ealaiont\u00f3ir\u00ed Gairmi\u00faila 2021 \u201cHas your creative work as an Artist been affected by the Covid-19 restrictions?\u00a0 If so, Monaghan County Council would like to assist you<\/p>\n\t\t<\/div>\n\t\t\n\t\t<a class=\"elementor-post__read-more\" href=\"https:\/\/monaghan.ie\/arts\/2021\/08\/20\/artist-support-scheme-2021\/\" aria-label=\"Read more about Artist Support Scheme 2021\" tabindex=\"-1\" >\n\t\t\tRead More \u00bb\t\t<\/a>\n\n\t\t\t\t<\/div>\n\t\t\t\t<div class=\"elementor-post__meta-data\">\n\t\t\t\t\t<span class=\"elementor-post-date\">\n\t\t\t20th August 2021\t\t<\/span>\n\t\t\t\t<\/div>\n\t\t\t\t\t<\/div>\n\t\t<\/article>\n\t\t\t\t<\/div>\n\t\t\n\t\t\t\t<div class=\"e-load-more-anchor\" data-page=\"1\" data-max-page=\"4\" data-next-page=\"https:\/\/monaghan.ie\/arts\/wp-json\/wp\/v2\/pages\/1469\/page\/2\/\"><\/div>\n\t\t\t\t<nav class=\"elementor-pagination\" aria-label=\"Pagination\">\n\t\t\t<span aria-current=\"page\" class=\"page-numbers current\"><span class=\"elementor-screen-only\">Page<\/span>1<\/span>\n<a class=\"page-numbers\" href=\"https:\/\/monaghan.ie\/arts\/wp-json\/wp\/v2\/pages\/1469\/page\/2\/\"><span class=\"elementor-screen-only\">Page<\/span>2<\/a>\n<a class=\"page-numbers\" href=\"https:\/\/monaghan.ie\/arts\/wp-json\/wp\/v2\/pages\/1469\/page\/3\/\"><span class=\"elementor-screen-only\">Page<\/span>3<\/a>\n<a class=\"page-numbers\" href=\"https:\/\/monaghan.ie\/arts\/wp-json\/wp\/v2\/pages\/1469\/page\/4\/\"><span class=\"elementor-screen-only\">Page<\/span>4<\/a>\t\t<\/nav>\n\t\t\t\t\t\t<\/div>\n\t\t\t\t<\/div>\n\t\t\t\t\t<\/div>\n\t\t\t\t<\/div>\n\t\t\t\t<\/div>\n\t\t","protected":false},"excerpt":{"rendered":"","protected":false},"author":1,"featured_media":0,"parent":0,"menu_order":0,"comment_status":"closed","ping_status":"closed","template":"","meta":{"_searchwp_excluded":"","footnotes":""},"class_list":["post-1469","page","type-page","status-publish","hentry"],"yoast_head":"<!-- This site is optimized with the Yoast SEO plugin v27.2 - https:\/\/yoast.com\/product\/yoast-seo-wordpress\/ -->\n<title>News &amp; Events Archive - Arts<\/title>\n<meta name=\"robots\" content=\"index, follow, max-snippet:-1, max-image-preview:large, max-video-preview:-1\" \/>\n<link rel=\"canonical\" href=\"https:\/\/monaghan.ie\/arts\/news-events-archive\/\" \/>\n<meta property=\"og:locale\" content=\"en_GB\" \/>\n<meta property=\"og:type\" content=\"article\" \/>\n<meta property=\"og:title\" content=\"News &amp; Events Archive - Arts\" \/>\n<meta property=\"og:url\" content=\"https:\/\/monaghan.ie\/arts\/news-events-archive\/\" \/>\n<meta property=\"og:site_name\" content=\"Arts\" \/>\n<meta name=\"twitter:card\" content=\"summary_large_image\" \/>\n<meta name=\"twitter:label1\" content=\"Estimated reading time\" \/>\n\t<meta name=\"twitter:data1\" content=\"5 minutes\" \/>\n<script type=\"application\/ld+json\" class=\"yoast-schema-graph\">{\"@context\":\"https:\/\/schema.org\",\"@graph\":[{\"@type\":\"WebPage\",\"@id\":\"https:\/\/monaghan.ie\/arts\/news-events-archive\/\",\"url\":\"https:\/\/monaghan.ie\/arts\/news-events-archive\/\",\"name\":\"News &amp; Events Archive - Arts\",\"isPartOf\":{\"@id\":\"https:\/\/monaghan.ie\/arts\/#website\"},\"datePublished\":\"2024-10-23T13:03:41+00:00\",\"breadcrumb\":{\"@id\":\"https:\/\/monaghan.ie\/arts\/news-events-archive\/#breadcrumb\"},\"inLanguage\":\"en-GB\",\"potentialAction\":[{\"@type\":\"ReadAction\",\"target\":[\"https:\/\/monaghan.ie\/arts\/news-events-archive\/\"]}]},{\"@type\":\"BreadcrumbList\",\"@id\":\"https:\/\/monaghan.ie\/arts\/news-events-archive\/#breadcrumb\",\"itemListElement\":[{\"@type\":\"ListItem\",\"position\":1,\"name\":\"Home\",\"item\":\"https:\/\/monaghan.ie\/arts\/\"},{\"@type\":\"ListItem\",\"position\":2,\"name\":\"News &amp; Events Archive\"}]},{\"@type\":\"WebSite\",\"@id\":\"https:\/\/monaghan.ie\/arts\/#website\",\"url\":\"https:\/\/monaghan.ie\/arts\/\",\"name\":\"Arts\",\"description\":\"Monaghan County Council\",\"potentialAction\":[{\"@type\":\"SearchAction\",\"target\":{\"@type\":\"EntryPoint\",\"urlTemplate\":\"https:\/\/monaghan.ie\/arts\/?s={search_term_string}\"},\"query-input\":{\"@type\":\"PropertyValueSpecification\",\"valueRequired\":true,\"valueName\":\"search_term_string\"}}],\"inLanguage\":\"en-GB\"}]}<\/script>\n<!-- \/ Yoast SEO plugin. -->","yoast_head_json":{"title":"News &amp; Events Archive - Arts","robots":{"index":"index","follow":"follow","max-snippet":"max-snippet:-1","max-image-preview":"max-image-preview:large","max-video-preview":"max-video-preview:-1"},"canonical":"https:\/\/monaghan.ie\/arts\/news-events-archive\/","og_locale":"en_GB","og_type":"article","og_title":"News &amp; Events Archive - Arts","og_url":"https:\/\/monaghan.ie\/arts\/news-events-archive\/","og_site_name":"Arts","twitter_card":"summary_large_image","twitter_misc":{"Estimated reading time":"5 minutes"},"schema":{"@context":"https:\/\/schema.org","@graph":[{"@type":"WebPage","@id":"https:\/\/monaghan.ie\/arts\/news-events-archive\/","url":"https:\/\/monaghan.ie\/arts\/news-events-archive\/","name":"News &amp; Events Archive - Arts","isPartOf":{"@id":"https:\/\/monaghan.ie\/arts\/#website"},"datePublished":"2024-10-23T13:03:41+00:00","breadcrumb":{"@id":"https:\/\/monaghan.ie\/arts\/news-events-archive\/#breadcrumb"},"inLanguage":"en-GB","potentialAction":[{"@type":"ReadAction","target":["https:\/\/monaghan.ie\/arts\/news-events-archive\/"]}]},{"@type":"BreadcrumbList","@id":"https:\/\/monaghan.ie\/arts\/news-events-archive\/#breadcrumb","itemListElement":[{"@type":"ListItem","position":1,"name":"Home","item":"https:\/\/monaghan.ie\/arts\/"},{"@type":"ListItem","position":2,"name":"News &amp; Events Archive"}]},{"@type":"WebSite","@id":"https:\/\/monaghan.ie\/arts\/#website","url":"https:\/\/monaghan.ie\/arts\/","name":"Arts","description":"Monaghan County Council","potentialAction":[{"@type":"SearchAction","target":{"@type":"EntryPoint","urlTemplate":"https:\/\/monaghan.ie\/arts\/?s={search_term_string}"},"query-input":{"@type":"PropertyValueSpecification","valueRequired":true,"valueName":"search_term_string"}}],"inLanguage":"en-GB"}]}},"_links":{"self":[{"href":"https:\/\/monaghan.ie\/arts\/wp-json\/wp\/v2\/pages\/1469","targetHints":{"allow":["GET"]}}],"collection":[{"href":"https:\/\/monaghan.ie\/arts\/wp-json\/wp\/v2\/pages"}],"about":[{"href":"https:\/\/monaghan.ie\/arts\/wp-json\/wp\/v2\/types\/page"}],"author":[{"embeddable":true,"href":"https:\/\/monaghan.ie\/arts\/wp-json\/wp\/v2\/users\/1"}],"replies":[{"embeddable":true,"href":"https:\/\/monaghan.ie\/arts\/wp-json\/wp\/v2\/comments?post=1469"}],"version-history":[{"count":0,"href":"https:\/\/monaghan.ie\/arts\/wp-json\/wp\/v2\/pages\/1469\/revisions"}],"wp:attachment":[{"href":"https:\/\/monaghan.ie\/arts\/wp-json\/wp\/v2\/media?parent=1469"}],"curies":[{"name":"wp","href":"https:\/\/api.w.org\/{rel}","templated":true}]}}