{"id":299,"date":"2024-10-08T09:08:00","date_gmt":"2024-10-08T08:08:00","guid":{"rendered":"https:\/\/monaghan.ie\/newsite\/arts\/?page_id=299"},"modified":"2025-02-04T13:43:14","modified_gmt":"2025-02-04T13:43:14","slug":"funding-opportunities","status":"publish","type":"page","link":"https:\/\/monaghan.ie\/arts\/funding-opportunities\/","title":{"rendered":"Funding"},"content":{"rendered":"\t\t<div data-elementor-type=\"wp-page\" data-elementor-id=\"299\" class=\"elementor elementor-299\" data-elementor-post-type=\"page\">\n\t\t\t\t<div class=\"elementor-element elementor-element-de8a51d e-flex e-con-boxed elementor-repeater-item-default_padding elementor-repeater-item-none elementor-repeater-item-none_hover e-con e-parent\" data-id=\"de8a51d\" data-element_type=\"container\" data-e-type=\"container\" data-settings=\"{&quot;ang_container_spacing_size&quot;:&quot;default_padding&quot;}\">\n\t\t\t\t\t<div class=\"e-con-inner\">\n\t\t\t\t<div class=\"elementor-element elementor-element-4ef25bf elementor-grid-1 elementor-posts--thumbnail-none elementor-grid-tablet-2 elementor-grid-mobile-1 elementor-card-shadow-yes elementor-posts__hover-gradient elementor-repeater-item-none elementor-repeater-item-none_hover elementor-widget elementor-widget-posts\" data-id=\"4ef25bf\" data-element_type=\"widget\" data-e-type=\"widget\" data-settings=\"{&quot;cards_columns&quot;:&quot;1&quot;,&quot;pagination_type&quot;:&quot;numbers&quot;,&quot;cards_columns_tablet&quot;:&quot;2&quot;,&quot;cards_columns_mobile&quot;:&quot;1&quot;,&quot;cards_row_gap&quot;:{&quot;unit&quot;:&quot;px&quot;,&quot;size&quot;:35,&quot;sizes&quot;:[]},&quot;cards_row_gap_tablet&quot;:{&quot;unit&quot;:&quot;px&quot;,&quot;size&quot;:&quot;&quot;,&quot;sizes&quot;:[]},&quot;cards_row_gap_mobile&quot;:{&quot;unit&quot;:&quot;px&quot;,&quot;size&quot;:&quot;&quot;,&quot;sizes&quot;:[]}}\" data-widget_type=\"posts.cards\">\n\t\t\t\t<div class=\"elementor-widget-container\">\n\t\t\t\t\t\t\t<div class=\"elementor-posts-container elementor-posts elementor-posts--skin-cards elementor-grid\" role=\"list\">\n\t\t\t\t<article class=\"elementor-post elementor-grid-item post-2071 post type-post status-publish format-standard has-post-thumbnail hentry category-funding category-news\" role=\"listitem\">\n\t\t\t<div class=\"elementor-post__card\">\n\t\t\t\t<div class=\"elementor-post__text\">\n\t\t\t\t<h3 class=\"elementor-post__title\">\n\t\t\t<a href=\"https:\/\/monaghan.ie\/arts\/2026\/03\/25\/2071\/\" >\n\t\t\t\t\t\t\t<\/a>\n\t\t<\/h3>\n\t\t\t\t<div class=\"elementor-post__excerpt\">\n\t\t\t<p>&nbsp; &nbsp; CAVAN AND MONAGHAN YOUTH ARTS BURSARY 2026 Could your group benefit from a \u20ac1600 bursary to explore youth arts? NYCI\u2019s National Youth Arts Programme is delighted to open<\/p>\n\t\t<\/div>\n\t\t\n\t\t<a class=\"elementor-post__read-more\" href=\"https:\/\/monaghan.ie\/arts\/2026\/03\/25\/2071\/\" aria-label=\"Read more about \" tabindex=\"-1\" >\n\t\t\tRead More \u00bb\t\t<\/a>\n\n\t\t\t\t<\/div>\n\t\t\t\t<div class=\"elementor-post__meta-data\">\n\t\t\t\t\t<span class=\"elementor-post-date\">\n\t\t\t25th March 2026\t\t<\/span>\n\t\t\t\t<\/div>\n\t\t\t\t\t<\/div>\n\t\t<\/article>\n\t\t\t\t<article class=\"elementor-post elementor-grid-item post-2003 post type-post status-publish format-standard hentry category-funding\" role=\"listitem\">\n\t\t\t<div class=\"elementor-post__card\">\n\t\t\t\t<div class=\"elementor-post__text\">\n\t\t\t\t<h3 class=\"elementor-post__title\">\n\t\t\t<a href=\"https:\/\/monaghan.ie\/arts\/2025\/11\/17\/arts-partnership-grant-2026\/\" >\n\t\t\t\tArts Partnership Grant 2026\t\t\t<\/a>\n\t\t<\/h3>\n\t\t\t\t<div class=\"elementor-post__excerpt\">\n\t\t\t<p>Arts\u00a0Partnership\u00a0Grant Application &amp; Guidelines Closed for Applications &#8211; deadline was 19th December 2025 &nbsp; Paying\u00a0the\u00a0Artist\u00a0is\u00a0fundamental\u00a0to\u00a0decisionsmade\u00a0under\u00a0this\u00a0Scheme.\u00a0https:\/\/www.artscouncil.ie\/about\/artists-pay-policy &nbsp; This\u00a0Grant\u00a0scheme\u00a0is\u00a0open\u00a0to\u00a0ARTS\u00a0organisations,\u00a0Arts festivals,\u00a0and\u00a0Arts projects\u00a0that\u00a0are based in Co Monaghan. &nbsp; Applicants\u00a0must\u00a0demonstrate\u00a0a track record of achievement in\u00a0the\u00a0delivery\u00a0of\u00a0the<\/p>\n\t\t<\/div>\n\t\t\n\t\t<a class=\"elementor-post__read-more\" href=\"https:\/\/monaghan.ie\/arts\/2025\/11\/17\/arts-partnership-grant-2026\/\" aria-label=\"Read more about Arts Partnership Grant 2026\" tabindex=\"-1\" >\n\t\t\tRead More \u00bb\t\t<\/a>\n\n\t\t\t\t<\/div>\n\t\t\t\t<div class=\"elementor-post__meta-data\">\n\t\t\t\t\t<span class=\"elementor-post-date\">\n\t\t\t17th November 2025\t\t<\/span>\n\t\t\t\t<\/div>\n\t\t\t\t\t<\/div>\n\t\t<\/article>\n\t\t\t\t<article class=\"elementor-post elementor-grid-item post-2000 post type-post status-publish format-standard hentry category-funding\" role=\"listitem\">\n\t\t\t<div class=\"elementor-post__card\">\n\t\t\t\t<div class=\"elementor-post__text\">\n\t\t\t\t<h3 class=\"elementor-post__title\">\n\t\t\t<a href=\"https:\/\/monaghan.ie\/arts\/2025\/11\/16\/artist-support-scheme-grant-2026\/\" >\n\t\t\t\tArtist Support Scheme Grant 2026\t\t\t<\/a>\n\t\t<\/h3>\n\t\t\t\t<div class=\"elementor-post__excerpt\">\n\t\t\t<p>&nbsp; &nbsp; Closed for Applications &#8211; deadline was 19th December 2025 &nbsp; Total Available Funds up to \u20ac 21,000 Emerging Talent\u00a0\u00a0\u00a0\u00a0\u00a0\u00a0\u00a0\u00a0\u00a0\u00a0\u00a0\u00a0\u00a0\u00a0\u00a0\u00a0\u00a0\u00a0\u00a0\u00a0\u00a0\u00a0\u00a0\u00a0\u00a0\u00a0\u00a0\u00a0\u00a0\u00a0\u00a0\u00a0\u00a0\u00a0\u00a0\u00a0\u00a0\u00a0\u00a0\u00a0\u00a0\u00a0\u00a0\u00a0\u00a0\u00a0\u00a0\u00a0\u00a0\u00a0\u00a0\u00a0\u00a0\u00a0\u00a0\u00a0\u00a0Established Artist Up to 5 Awards of \u20ac600 each\u00a0 \u00a0<\/p>\n\t\t<\/div>\n\t\t\n\t\t<a class=\"elementor-post__read-more\" href=\"https:\/\/monaghan.ie\/arts\/2025\/11\/16\/artist-support-scheme-grant-2026\/\" aria-label=\"Read more about Artist Support Scheme Grant 2026\" tabindex=\"-1\" >\n\t\t\tRead More \u00bb\t\t<\/a>\n\n\t\t\t\t<\/div>\n\t\t\t\t<div class=\"elementor-post__meta-data\">\n\t\t\t\t\t<span class=\"elementor-post-date\">\n\t\t\t16th November 2025\t\t<\/span>\n\t\t\t\t<\/div>\n\t\t\t\t\t<\/div>\n\t\t<\/article>\n\t\t\t\t<article class=\"elementor-post elementor-grid-item post-1730 post type-post status-publish format-standard hentry category-funding\" role=\"listitem\">\n\t\t\t<div class=\"elementor-post__card\">\n\t\t\t\t<div class=\"elementor-post__text\">\n\t\t\t\t<h3 class=\"elementor-post__title\">\n\t\t\t<a href=\"https:\/\/monaghan.ie\/arts\/2025\/02\/07\/cavan-and-monaghan-youth-arts-bursary-2025\/\" >\n\t\t\t\tCAVAN AND MONAGHAN YOUTH ARTS BURSARY 2025\t\t\t<\/a>\n\t\t<\/h3>\n\t\t\t\t<div class=\"elementor-post__excerpt\">\n\t\t\t<p>Could your group benefit from a \u20ac1600 bursary to explore youth arts? &nbsp; &nbsp; The Arts Office, The Market House, Monaghan Town, Co Monaghan &nbsp; Arts Partnership Grant 2025 Arts<\/p>\n\t\t<\/div>\n\t\t\n\t\t<a class=\"elementor-post__read-more\" href=\"https:\/\/monaghan.ie\/arts\/2025\/02\/07\/cavan-and-monaghan-youth-arts-bursary-2025\/\" aria-label=\"Read more about CAVAN AND MONAGHAN YOUTH ARTS BURSARY 2025\" tabindex=\"-1\" >\n\t\t\tRead More \u00bb\t\t<\/a>\n\n\t\t\t\t<\/div>\n\t\t\t\t<div class=\"elementor-post__meta-data\">\n\t\t\t\t\t<span class=\"elementor-post-date\">\n\t\t\t7th February 2025\t\t<\/span>\n\t\t\t\t<\/div>\n\t\t\t\t\t<\/div>\n\t\t<\/article>\n\t\t\t\t<article class=\"elementor-post elementor-grid-item post-910 post type-post status-publish format-standard hentry category-funding\" role=\"listitem\">\n\t\t\t<div class=\"elementor-post__card\">\n\t\t\t\t<div class=\"elementor-post__text\">\n\t\t\t\t<h3 class=\"elementor-post__title\">\n\t\t\t<a href=\"https:\/\/monaghan.ie\/arts\/2024\/12\/19\/artist-support-scheme-tacaiocht-do-ealaiontoiri-2025\/\" >\n\t\t\t\tArtist Support Scheme \/Taca\u00edocht do Eala\u00edont\u00f3ir\u00ed 2025\t\t\t<\/a>\n\t\t<\/h3>\n\t\t\t\t<div class=\"elementor-post__excerpt\">\n\t\t\t<p>&nbsp; Emerging Talent\u00a0\u00a0\u00a0\u00a0\u00a0\u00a0\u00a0\u00a0\u00a0\u00a0\u00a0\u00a0\u00a0\u00a0\u00a0\u00a0\u00a0\u00a0\u00a0\u00a0\u00a0\u00a0\u00a0\u00a0\u00a0\u00a0\u00a0\u00a0\u00a0\u00a0\u00a0\u00a0\u00a0\u00a0\u00a0\u00a0\u00a0\u00a0\u00a0\u00a0\u00a0\u00a0\u00a0\u00a0\u00a0\u00a0\u00a0\u00a0\u00a0\u00a0\u00a0\u00a0Established Artist Up to 6 Awards of \u20ac600 each\u00a0\u00a0\u00a0\u00a0\u00a0\u00a0\u00a0\u00a0\u00a0\u00a0\u00a0\u00a0\u00a0\u00a0\u00a0\u00a0\u00a0\u00a0\u00a0\u00a0\u00a0\u00a0\u00a0\u00a0\u00a0\u00a0\u00a0\u00a0\u00a0up to 12 Awards of \u20ac1,000 each Emerging Talent Applicants Art Form 1 Justine Cappelli, Ballybay * Visual Artist\/Mixed Media<\/p>\n\t\t<\/div>\n\t\t\n\t\t<a class=\"elementor-post__read-more\" href=\"https:\/\/monaghan.ie\/arts\/2024\/12\/19\/artist-support-scheme-tacaiocht-do-ealaiontoiri-2025\/\" aria-label=\"Read more about Artist Support Scheme \/Taca\u00edocht do Eala\u00edont\u00f3ir\u00ed 2025\" tabindex=\"-1\" >\n\t\t\tRead More \u00bb\t\t<\/a>\n\n\t\t\t\t<\/div>\n\t\t\t\t<div class=\"elementor-post__meta-data\">\n\t\t\t\t\t<span class=\"elementor-post-date\">\n\t\t\t19th December 2024\t\t<\/span>\n\t\t\t\t<\/div>\n\t\t\t\t\t<\/div>\n\t\t<\/article>\n\t\t\t\t<article class=\"elementor-post elementor-grid-item post-881 post type-post status-publish format-standard hentry category-funding\" role=\"listitem\">\n\t\t\t<div class=\"elementor-post__card\">\n\t\t\t\t<div class=\"elementor-post__text\">\n\t\t\t\t<h3 class=\"elementor-post__title\">\n\t\t\t<a href=\"https:\/\/monaghan.ie\/arts\/2024\/09\/27\/arts-partnership-application-form-artist-support-scheme\/\" >\n\t\t\t\tArts Partnership Application Form &#038; Artist Support Scheme\t\t\t<\/a>\n\t\t<\/h3>\n\t\t\t\t<div class=\"elementor-post__excerpt\">\n\t\t\t<p>2025 Arts Partnership Grant \/Deontas Comhph\u00e1irt\u00edochta Eala\u00edon Application &amp; Guidelines \/Treoirl\u00ednte &amp; Iarratais Oscla\u00edonn s\u00e9 2 Ean\u00e1ir\/ Opening Date 2nd January Sprioc L\u00e1 chun iarratas a chur isteach 4.00i.n.\u00a0 D\u00e9ardaoin<\/p>\n\t\t<\/div>\n\t\t\n\t\t<a class=\"elementor-post__read-more\" href=\"https:\/\/monaghan.ie\/arts\/2024\/09\/27\/arts-partnership-application-form-artist-support-scheme\/\" aria-label=\"Read more about Arts Partnership Application Form &#038; Artist Support Scheme\" tabindex=\"-1\" >\n\t\t\tRead More \u00bb\t\t<\/a>\n\n\t\t\t\t<\/div>\n\t\t\t\t<div class=\"elementor-post__meta-data\">\n\t\t\t\t\t<span class=\"elementor-post-date\">\n\t\t\t27th September 2024\t\t<\/span>\n\t\t\t\t<\/div>\n\t\t\t\t\t<\/div>\n\t\t<\/article>\n\t\t\t\t<article class=\"elementor-post elementor-grid-item post-812 post type-post status-publish format-standard hentry category-funding\" role=\"listitem\">\n\t\t\t<div class=\"elementor-post__card\">\n\t\t\t\t<div class=\"elementor-post__text\">\n\t\t\t\t<h3 class=\"elementor-post__title\">\n\t\t\t<a href=\"https:\/\/monaghan.ie\/arts\/2024\/01\/03\/artist-support-scheme-tacaiocht-do-ealaiontoiri-2024\/\" >\n\t\t\t\tArtist Support Scheme \/Taca\u00edocht do Eala\u00edont\u00f3ir\u00ed 2024\t\t\t<\/a>\n\t\t<\/h3>\n\t\t\t\t<div class=\"elementor-post__excerpt\">\n\t\t\t<p>Artist Support Scheme \/Taca\u00edocht do Eala\u00edont\u00f3ir\u00ed 2024 Artist Support Scheme 2024 Bursaries Emerging Talent &#8211; \u20ac600 each\u00a0\u00a0\u00a0\u00a0\u00a0\u00a0\u00a0\u00a0\u00a0\u00a0\u00a0\u00a0\u00a0\u00a0\u00a0\u00a0\u00a0\u00a0\u00a0\u00a0\u00a0\u00a0\u00a0\u00a0\u00a0\u00a0\u00a0\u00a0\u00a0\u00a0 * 1st time recipient Applicants Art Form 1 Zara Doody * Visual Artist\/Multimedia<\/p>\n\t\t<\/div>\n\t\t\n\t\t<a class=\"elementor-post__read-more\" href=\"https:\/\/monaghan.ie\/arts\/2024\/01\/03\/artist-support-scheme-tacaiocht-do-ealaiontoiri-2024\/\" aria-label=\"Read more about Artist Support Scheme \/Taca\u00edocht do Eala\u00edont\u00f3ir\u00ed 2024\" tabindex=\"-1\" >\n\t\t\tRead More \u00bb\t\t<\/a>\n\n\t\t\t\t<\/div>\n\t\t\t\t<div class=\"elementor-post__meta-data\">\n\t\t\t\t\t<span class=\"elementor-post-date\">\n\t\t\t3rd January 2024\t\t<\/span>\n\t\t\t\t<\/div>\n\t\t\t\t\t<\/div>\n\t\t<\/article>\n\t\t\t\t<article class=\"elementor-post elementor-grid-item post-804 post type-post status-publish format-standard hentry category-funding\" role=\"listitem\">\n\t\t\t<div class=\"elementor-post__card\">\n\t\t\t\t<div class=\"elementor-post__text\">\n\t\t\t\t<h3 class=\"elementor-post__title\">\n\t\t\t<a href=\"https:\/\/monaghan.ie\/arts\/2024\/01\/03\/arts-partnership-grant-2024\/\" >\n\t\t\t\tArts Partnership Grant 2024\t\t\t<\/a>\n\t\t<\/h3>\n\t\t\t\t<div class=\"elementor-post__excerpt\">\n\t\t\t<p>&nbsp; Arts Partnership Grant 2024 Arts Partners Grant 2024 Amount Awarded The Garage Theatre \u20ac 19,000 Castleblayney Drama Festival \u20ac\u00a0\u00a0 3,000 N\/East Musical &amp; Dramatic Society \u20ac\u00a0\u00a0 3,000 \u00cdontas Theatre<\/p>\n\t\t<\/div>\n\t\t\n\t\t<a class=\"elementor-post__read-more\" href=\"https:\/\/monaghan.ie\/arts\/2024\/01\/03\/arts-partnership-grant-2024\/\" aria-label=\"Read more about Arts Partnership Grant 2024\" tabindex=\"-1\" >\n\t\t\tRead More \u00bb\t\t<\/a>\n\n\t\t\t\t<\/div>\n\t\t\t\t<div class=\"elementor-post__meta-data\">\n\t\t\t\t\t<span class=\"elementor-post-date\">\n\t\t\t3rd January 2024\t\t<\/span>\n\t\t\t\t<\/div>\n\t\t\t\t\t<\/div>\n\t\t<\/article>\n\t\t\t\t<article class=\"elementor-post elementor-grid-item post-776 post type-post status-publish format-standard hentry category-funding\" role=\"listitem\">\n\t\t\t<div class=\"elementor-post__card\">\n\t\t\t\t<div class=\"elementor-post__text\">\n\t\t\t\t<h3 class=\"elementor-post__title\">\n\t\t\t<a href=\"https:\/\/monaghan.ie\/arts\/2023\/03\/21\/artist-support-scheme-tacaiocht-do-ealaiontoiri-2023\/\" >\n\t\t\t\tArtist Support Scheme \/Taca\u00edocht do Eala\u00edont\u00f3ir\u00ed 2023\t\t\t<\/a>\n\t\t<\/h3>\n\t\t\t\t<div class=\"elementor-post__excerpt\">\n\t\t\t<p>Artist Support Scheme 2023\/ Taca\u00edocht do Eala\u00edont\u00f3ir\u00ed 2023 Emerging Talent\u00a0\u00a0\u00a0\u00a0\u00a0\u00a0\u00a0\u00a0\u00a0\u00a0\u00a0\u00a0\u00a0\u00a0\u00a0\u00a0\u00a0\u00a0\u00a0\u00a0\u00a0\u00a0\u00a0\u00a0\u00a0\u00a0\u00a0\u00a0\u00a0\u00a0\u00a0\u00a0\u00a0\u00a0\u00a0\u00a0\u00a0\u00a0\u00a0\u00a0\u00a0\u00a0\u00a0\u00a0\u00a0\u00a0\u00a0\u00a0\u00a0\u00a0\u00a0\u00a0Established Artist Up to 6 Awards of \u20ac400 each\u00a0\u00a0\u00a0\u00a0\u00a0\u00a0\u00a0\u00a0\u00a0\u00a0\u00a0\u00a0\u00a0\u00a0\u00a0\u00a0\u00a0\u00a0\u00a0\u00a0\u00a0\u00a0\u00a0\u00a0\u00a0\u00a0\u00a0\u00a0\u00a0up to 12 Awards of \u20ac800 each Emerging Talent Applicants Art Form 1<\/p>\n\t\t<\/div>\n\t\t\n\t\t<a class=\"elementor-post__read-more\" href=\"https:\/\/monaghan.ie\/arts\/2023\/03\/21\/artist-support-scheme-tacaiocht-do-ealaiontoiri-2023\/\" aria-label=\"Read more about Artist Support Scheme \/Taca\u00edocht do Eala\u00edont\u00f3ir\u00ed 2023\" tabindex=\"-1\" >\n\t\t\tRead More \u00bb\t\t<\/a>\n\n\t\t\t\t<\/div>\n\t\t\t\t<div class=\"elementor-post__meta-data\">\n\t\t\t\t\t<span class=\"elementor-post-date\">\n\t\t\t21st March 2023\t\t<\/span>\n\t\t\t\t<\/div>\n\t\t\t\t\t<\/div>\n\t\t<\/article>\n\t\t\t\t<article class=\"elementor-post elementor-grid-item post-770 post type-post status-publish format-standard hentry category-funding\" role=\"listitem\">\n\t\t\t<div class=\"elementor-post__card\">\n\t\t\t\t<div class=\"elementor-post__text\">\n\t\t\t\t<h3 class=\"elementor-post__title\">\n\t\t\t<a href=\"https:\/\/monaghan.ie\/arts\/2023\/03\/13\/cavan-and-monaghan-youth-arts-bursary-2023-open-for-applications\/\" >\n\t\t\t\tCavan and Monaghan Youth Arts Bursary 2023\t\t\t<\/a>\n\t\t<\/h3>\n\t\t\t\t<div class=\"elementor-post__excerpt\">\n\t\t\t<p>We\u2019re delighted to announce that the Cavan Monaghan Youth Arts Bursary 2023 is now open for applications! The\u00a0bursary scheme is designed to support young people from Cavan and Monaghan to<\/p>\n\t\t<\/div>\n\t\t\n\t\t<a class=\"elementor-post__read-more\" href=\"https:\/\/monaghan.ie\/arts\/2023\/03\/13\/cavan-and-monaghan-youth-arts-bursary-2023-open-for-applications\/\" aria-label=\"Read more about Cavan and Monaghan Youth Arts Bursary 2023\" tabindex=\"-1\" >\n\t\t\tRead More \u00bb\t\t<\/a>\n\n\t\t\t\t<\/div>\n\t\t\t\t<div class=\"elementor-post__meta-data\">\n\t\t\t\t\t<span class=\"elementor-post-date\">\n\t\t\t13th March 2023\t\t<\/span>\n\t\t\t\t<\/div>\n\t\t\t\t\t<\/div>\n\t\t<\/article>\n\t\t\t\t<\/div>\n\t\t\n\t\t\t\t<div class=\"e-load-more-anchor\" data-page=\"1\" data-max-page=\"2\" data-next-page=\"https:\/\/monaghan.ie\/arts\/wp-json\/wp\/v2\/pages\/299\/page\/2\/\"><\/div>\n\t\t\t\t<nav class=\"elementor-pagination\" aria-label=\"Pagination\">\n\t\t\t<span aria-current=\"page\" class=\"page-numbers current\"><span class=\"elementor-screen-only\">Page<\/span>1<\/span>\n<a class=\"page-numbers\" href=\"https:\/\/monaghan.ie\/arts\/wp-json\/wp\/v2\/pages\/299\/page\/2\/\"><span class=\"elementor-screen-only\">Page<\/span>2<\/a>\t\t<\/nav>\n\t\t\t\t\t\t<\/div>\n\t\t\t\t<\/div>\n\t\t\t\t\t<\/div>\n\t\t\t\t<\/div>\n\t\t\t\t<\/div>\n\t\t","protected":false},"excerpt":{"rendered":"","protected":false},"author":1,"featured_media":0,"parent":0,"menu_order":0,"comment_status":"closed","ping_status":"closed","template":"","meta":{"_searchwp_excluded":"","footnotes":""},"class_list":["post-299","page","type-page","status-publish","hentry"],"yoast_head":"<!-- This site is optimized with the Yoast SEO plugin v27.2 - https:\/\/yoast.com\/product\/yoast-seo-wordpress\/ -->\n<title>Funding - Arts<\/title>\n<meta name=\"robots\" content=\"index, follow, max-snippet:-1, max-image-preview:large, max-video-preview:-1\" \/>\n<link rel=\"canonical\" href=\"https:\/\/monaghan.ie\/arts\/funding-opportunities\/\" \/>\n<meta property=\"og:locale\" content=\"en_GB\" \/>\n<meta property=\"og:type\" content=\"article\" \/>\n<meta property=\"og:title\" content=\"Funding - Arts\" \/>\n<meta property=\"og:url\" content=\"https:\/\/monaghan.ie\/arts\/funding-opportunities\/\" \/>\n<meta property=\"og:site_name\" content=\"Arts\" \/>\n<meta property=\"article:modified_time\" content=\"2025-02-04T13:43:14+00:00\" \/>\n<meta name=\"twitter:card\" content=\"summary_large_image\" \/>\n<meta name=\"twitter:label1\" content=\"Estimated reading time\" \/>\n\t<meta name=\"twitter:data1\" content=\"3 minutes\" \/>\n<script type=\"application\/ld+json\" class=\"yoast-schema-graph\">{\"@context\":\"https:\/\/schema.org\",\"@graph\":[{\"@type\":\"WebPage\",\"@id\":\"https:\/\/monaghan.ie\/arts\/funding-opportunities\/\",\"url\":\"https:\/\/monaghan.ie\/arts\/funding-opportunities\/\",\"name\":\"Funding - Arts\",\"isPartOf\":{\"@id\":\"https:\/\/monaghan.ie\/arts\/#website\"},\"datePublished\":\"2024-10-08T08:08:00+00:00\",\"dateModified\":\"2025-02-04T13:43:14+00:00\",\"breadcrumb\":{\"@id\":\"https:\/\/monaghan.ie\/arts\/funding-opportunities\/#breadcrumb\"},\"inLanguage\":\"en-GB\",\"potentialAction\":[{\"@type\":\"ReadAction\",\"target\":[\"https:\/\/monaghan.ie\/arts\/funding-opportunities\/\"]}]},{\"@type\":\"BreadcrumbList\",\"@id\":\"https:\/\/monaghan.ie\/arts\/funding-opportunities\/#breadcrumb\",\"itemListElement\":[{\"@type\":\"ListItem\",\"position\":1,\"name\":\"Home\",\"item\":\"https:\/\/monaghan.ie\/arts\/\"},{\"@type\":\"ListItem\",\"position\":2,\"name\":\"Funding\"}]},{\"@type\":\"WebSite\",\"@id\":\"https:\/\/monaghan.ie\/arts\/#website\",\"url\":\"https:\/\/monaghan.ie\/arts\/\",\"name\":\"Arts\",\"description\":\"Monaghan County Council\",\"potentialAction\":[{\"@type\":\"SearchAction\",\"target\":{\"@type\":\"EntryPoint\",\"urlTemplate\":\"https:\/\/monaghan.ie\/arts\/?s={search_term_string}\"},\"query-input\":{\"@type\":\"PropertyValueSpecification\",\"valueRequired\":true,\"valueName\":\"search_term_string\"}}],\"inLanguage\":\"en-GB\"}]}<\/script>\n<!-- \/ Yoast SEO plugin. -->","yoast_head_json":{"title":"Funding - Arts","robots":{"index":"index","follow":"follow","max-snippet":"max-snippet:-1","max-image-preview":"max-image-preview:large","max-video-preview":"max-video-preview:-1"},"canonical":"https:\/\/monaghan.ie\/arts\/funding-opportunities\/","og_locale":"en_GB","og_type":"article","og_title":"Funding - Arts","og_url":"https:\/\/monaghan.ie\/arts\/funding-opportunities\/","og_site_name":"Arts","article_modified_time":"2025-02-04T13:43:14+00:00","twitter_card":"summary_large_image","twitter_misc":{"Estimated reading time":"3 minutes"},"schema":{"@context":"https:\/\/schema.org","@graph":[{"@type":"WebPage","@id":"https:\/\/monaghan.ie\/arts\/funding-opportunities\/","url":"https:\/\/monaghan.ie\/arts\/funding-opportunities\/","name":"Funding - Arts","isPartOf":{"@id":"https:\/\/monaghan.ie\/arts\/#website"},"datePublished":"2024-10-08T08:08:00+00:00","dateModified":"2025-02-04T13:43:14+00:00","breadcrumb":{"@id":"https:\/\/monaghan.ie\/arts\/funding-opportunities\/#breadcrumb"},"inLanguage":"en-GB","potentialAction":[{"@type":"ReadAction","target":["https:\/\/monaghan.ie\/arts\/funding-opportunities\/"]}]},{"@type":"BreadcrumbList","@id":"https:\/\/monaghan.ie\/arts\/funding-opportunities\/#breadcrumb","itemListElement":[{"@type":"ListItem","position":1,"name":"Home","item":"https:\/\/monaghan.ie\/arts\/"},{"@type":"ListItem","position":2,"name":"Funding"}]},{"@type":"WebSite","@id":"https:\/\/monaghan.ie\/arts\/#website","url":"https:\/\/monaghan.ie\/arts\/","name":"Arts","description":"Monaghan County Council","potentialAction":[{"@type":"SearchAction","target":{"@type":"EntryPoint","urlTemplate":"https:\/\/monaghan.ie\/arts\/?s={search_term_string}"},"query-input":{"@type":"PropertyValueSpecification","valueRequired":true,"valueName":"search_term_string"}}],"inLanguage":"en-GB"}]}},"_links":{"self":[{"href":"https:\/\/monaghan.ie\/arts\/wp-json\/wp\/v2\/pages\/299","targetHints":{"allow":["GET"]}}],"collection":[{"href":"https:\/\/monaghan.ie\/arts\/wp-json\/wp\/v2\/pages"}],"about":[{"href":"https:\/\/monaghan.ie\/arts\/wp-json\/wp\/v2\/types\/page"}],"author":[{"embeddable":true,"href":"https:\/\/monaghan.ie\/arts\/wp-json\/wp\/v2\/users\/1"}],"replies":[{"embeddable":true,"href":"https:\/\/monaghan.ie\/arts\/wp-json\/wp\/v2\/comments?post=299"}],"version-history":[{"count":1,"href":"https:\/\/monaghan.ie\/arts\/wp-json\/wp\/v2\/pages\/299\/revisions"}],"predecessor-version":[{"id":1464,"href":"https:\/\/monaghan.ie\/arts\/wp-json\/wp\/v2\/pages\/299\/revisions\/1464"}],"wp:attachment":[{"href":"https:\/\/monaghan.ie\/arts\/wp-json\/wp\/v2\/media?parent=299"}],"curies":[{"name":"wp","href":"https:\/\/api.w.org\/{rel}","templated":true}]}}