{"id":348,"date":"2018-04-09T10:00:07","date_gmt":"2018-04-09T09:00:07","guid":{"rendered":"https:\/\/monaghan.ie\/corporateservices\/?page_id=348"},"modified":"2021-01-22T10:12:21","modified_gmt":"2021-01-22T10:12:21","slug":"sceim-na-gaeilge","status":"publish","type":"page","link":"https:\/\/monaghan.ie\/corporateservices\/sceim-na-gaeilge\/","title":{"rendered":"Sc\u00e9im na Gaeilge"},"content":{"rendered":"<p><strong>Acht na dTeangacha Oifigi\u00fala 2003<\/strong><\/p>\n<p>Is c\u00fais \u00e1thais ar Cohhairle Contae Mhuineach\u00e1in \u00a0a r\u00e1 go bhfuil an dr\u00e9acht-sc\u00e9im daingnithe ag an Aire St\u00e1it sa Roinn Turas\u00f3ireachta, Cult\u00fair, Eala\u00edon, Gaeltachta, Sp\u00f3irt agus Me\u00e1n, Jack Chambers Uasal T.D. anois. Beidh an sc\u00e9im i bhfeidhm ar feadh tr\u00e9imhse 3 bliana \u00f3 27 Nollaig 2020 n\u00f3 go mbeidh sc\u00e9im nua daingnithe, cib\u00e9 acu is d\u00e9ana\u00ed.<\/p>\n<p><a href=\"https:\/\/monaghan.ie\/wp-content\/uploads\/2021\/01\/Leagan-Gaeilge-2020-2023-MS-Word.docx\">Leagan Gaeilge 2020-2023 (MS Word)<\/a><\/p>\n<p>&nbsp;<\/p>\n<p><strong>Official Languages Act 2003<\/strong><\/p>\n<p>Monaghan County Council is pleased to announce that the Draft Language scheme has now been confirmed by \u00a0the Minister of State at the Department of Tourism, Culture, Arts, Gaeltacht, Sport and Media, Mr. Jack Chambers T.D.,.\u00a0 The scheme shall remain in force for a period of 3 years from 27 December 2020 or until a new scheme has been approved, whichever is the later.<\/p>\n<p><a href=\"https:\/\/monaghan.ie\/wp-content\/uploads\/2021\/01\/Monaghan-Irish-Language-Plan-2020-2023-MS-Word.docx\">Monaghan Irish Language Plan 2020-2023 (MS Word)<\/a><\/p>\n<p>Contact\/Teaghmail Nial \u00d3 Conch\u00fair Oifigeach Gaeilge <a href=\"mailto:noconnor@monaghancoco.ie\">noconnor@monaghancoco.ie<\/a><\/p>\n<p>&nbsp;<\/p>\n","protected":false},"excerpt":{"rendered":"<p>Acht na dTeangacha Oifigi\u00fala 2003 Is c\u00fais \u00e1thais ar Cohhairle Contae Mhuineach\u00e1in \u00a0a r\u00e1 go bhfuil an dr\u00e9acht-sc\u00e9im daingnithe ag an Aire St\u00e1it sa Roinn Turas\u00f3ireachta, Cult\u00fair, Eala\u00edon, Gaeltachta, Sp\u00f3irt [&hellip;]<\/p>\n","protected":false},"author":1,"featured_media":0,"parent":0,"menu_order":0,"comment_status":"closed","ping_status":"closed","template":"","meta":{"_searchwp_excluded":"","footnotes":""},"class_list":["post-348","page","type-page","status-publish","hentry"],"yoast_head":"<!-- This site is optimized with the Yoast SEO plugin v27.2 - https:\/\/yoast.com\/product\/yoast-seo-wordpress\/ -->\n<title>Sc\u00e9im na Gaeilge - Corporate Services<\/title>\n<meta name=\"robots\" content=\"index, follow, max-snippet:-1, max-image-preview:large, max-video-preview:-1\" \/>\n<link rel=\"canonical\" href=\"https:\/\/monaghan.ie\/corporateservices\/sceim-na-gaeilge\/\" \/>\n<meta property=\"og:locale\" content=\"en_GB\" \/>\n<meta property=\"og:type\" content=\"article\" \/>\n<meta property=\"og:title\" content=\"Sc\u00e9im na Gaeilge - Corporate Services\" \/>\n<meta property=\"og:description\" content=\"Acht na dTeangacha Oifigi\u00fala 2003 Is c\u00fais \u00e1thais ar Cohhairle Contae Mhuineach\u00e1in \u00a0a r\u00e1 go bhfuil an dr\u00e9acht-sc\u00e9im daingnithe ag an Aire St\u00e1it sa Roinn Turas\u00f3ireachta, Cult\u00fair, Eala\u00edon, Gaeltachta, Sp\u00f3irt [&hellip;]\" \/>\n<meta property=\"og:url\" content=\"https:\/\/monaghan.ie\/corporateservices\/sceim-na-gaeilge\/\" \/>\n<meta property=\"og:site_name\" content=\"Corporate Services\" \/>\n<meta property=\"article:modified_time\" content=\"2021-01-22T10:12:21+00:00\" \/>\n<meta name=\"twitter:card\" content=\"summary_large_image\" \/>\n<meta name=\"twitter:label1\" content=\"Estimated reading time\" \/>\n\t<meta name=\"twitter:data1\" content=\"1 minute\" \/>\n<script type=\"application\/ld+json\" class=\"yoast-schema-graph\">{\"@context\":\"https:\/\/schema.org\",\"@graph\":[{\"@type\":\"WebPage\",\"@id\":\"https:\/\/monaghan.ie\/corporateservices\/sceim-na-gaeilge\/\",\"url\":\"https:\/\/monaghan.ie\/corporateservices\/sceim-na-gaeilge\/\",\"name\":\"Sc\u00e9im na Gaeilge - Corporate Services\",\"isPartOf\":{\"@id\":\"https:\/\/monaghan.ie\/corporateservices\/#website\"},\"datePublished\":\"2018-04-09T09:00:07+00:00\",\"dateModified\":\"2021-01-22T10:12:21+00:00\",\"breadcrumb\":{\"@id\":\"https:\/\/monaghan.ie\/corporateservices\/sceim-na-gaeilge\/#breadcrumb\"},\"inLanguage\":\"en-GB\",\"potentialAction\":[{\"@type\":\"ReadAction\",\"target\":[\"https:\/\/monaghan.ie\/corporateservices\/sceim-na-gaeilge\/\"]}]},{\"@type\":\"BreadcrumbList\",\"@id\":\"https:\/\/monaghan.ie\/corporateservices\/sceim-na-gaeilge\/#breadcrumb\",\"itemListElement\":[{\"@type\":\"ListItem\",\"position\":1,\"name\":\"Home\",\"item\":\"https:\/\/monaghan.ie\/corporateservices\/\"},{\"@type\":\"ListItem\",\"position\":2,\"name\":\"Sc\u00e9im na Gaeilge\"}]},{\"@type\":\"WebSite\",\"@id\":\"https:\/\/monaghan.ie\/corporateservices\/#website\",\"url\":\"https:\/\/monaghan.ie\/corporateservices\/\",\"name\":\"Corporate Services\",\"description\":\"Monaghan County Council\",\"potentialAction\":[{\"@type\":\"SearchAction\",\"target\":{\"@type\":\"EntryPoint\",\"urlTemplate\":\"https:\/\/monaghan.ie\/corporateservices\/?s={search_term_string}\"},\"query-input\":{\"@type\":\"PropertyValueSpecification\",\"valueRequired\":true,\"valueName\":\"search_term_string\"}}],\"inLanguage\":\"en-GB\"}]}<\/script>\n<!-- \/ Yoast SEO plugin. -->","yoast_head_json":{"title":"Sc\u00e9im na Gaeilge - Corporate Services","robots":{"index":"index","follow":"follow","max-snippet":"max-snippet:-1","max-image-preview":"max-image-preview:large","max-video-preview":"max-video-preview:-1"},"canonical":"https:\/\/monaghan.ie\/corporateservices\/sceim-na-gaeilge\/","og_locale":"en_GB","og_type":"article","og_title":"Sc\u00e9im na Gaeilge - Corporate Services","og_description":"Acht na dTeangacha Oifigi\u00fala 2003 Is c\u00fais \u00e1thais ar Cohhairle Contae Mhuineach\u00e1in \u00a0a r\u00e1 go bhfuil an dr\u00e9acht-sc\u00e9im daingnithe ag an Aire St\u00e1it sa Roinn Turas\u00f3ireachta, Cult\u00fair, Eala\u00edon, Gaeltachta, Sp\u00f3irt [&hellip;]","og_url":"https:\/\/monaghan.ie\/corporateservices\/sceim-na-gaeilge\/","og_site_name":"Corporate Services","article_modified_time":"2021-01-22T10:12:21+00:00","twitter_card":"summary_large_image","twitter_misc":{"Estimated reading time":"1 minute"},"schema":{"@context":"https:\/\/schema.org","@graph":[{"@type":"WebPage","@id":"https:\/\/monaghan.ie\/corporateservices\/sceim-na-gaeilge\/","url":"https:\/\/monaghan.ie\/corporateservices\/sceim-na-gaeilge\/","name":"Sc\u00e9im na Gaeilge - Corporate Services","isPartOf":{"@id":"https:\/\/monaghan.ie\/corporateservices\/#website"},"datePublished":"2018-04-09T09:00:07+00:00","dateModified":"2021-01-22T10:12:21+00:00","breadcrumb":{"@id":"https:\/\/monaghan.ie\/corporateservices\/sceim-na-gaeilge\/#breadcrumb"},"inLanguage":"en-GB","potentialAction":[{"@type":"ReadAction","target":["https:\/\/monaghan.ie\/corporateservices\/sceim-na-gaeilge\/"]}]},{"@type":"BreadcrumbList","@id":"https:\/\/monaghan.ie\/corporateservices\/sceim-na-gaeilge\/#breadcrumb","itemListElement":[{"@type":"ListItem","position":1,"name":"Home","item":"https:\/\/monaghan.ie\/corporateservices\/"},{"@type":"ListItem","position":2,"name":"Sc\u00e9im na Gaeilge"}]},{"@type":"WebSite","@id":"https:\/\/monaghan.ie\/corporateservices\/#website","url":"https:\/\/monaghan.ie\/corporateservices\/","name":"Corporate Services","description":"Monaghan County Council","potentialAction":[{"@type":"SearchAction","target":{"@type":"EntryPoint","urlTemplate":"https:\/\/monaghan.ie\/corporateservices\/?s={search_term_string}"},"query-input":{"@type":"PropertyValueSpecification","valueRequired":true,"valueName":"search_term_string"}}],"inLanguage":"en-GB"}]}},"_links":{"self":[{"href":"https:\/\/monaghan.ie\/corporateservices\/wp-json\/wp\/v2\/pages\/348","targetHints":{"allow":["GET"]}}],"collection":[{"href":"https:\/\/monaghan.ie\/corporateservices\/wp-json\/wp\/v2\/pages"}],"about":[{"href":"https:\/\/monaghan.ie\/corporateservices\/wp-json\/wp\/v2\/types\/page"}],"author":[{"embeddable":true,"href":"https:\/\/monaghan.ie\/corporateservices\/wp-json\/wp\/v2\/users\/1"}],"replies":[{"embeddable":true,"href":"https:\/\/monaghan.ie\/corporateservices\/wp-json\/wp\/v2\/comments?post=348"}],"version-history":[{"count":0,"href":"https:\/\/monaghan.ie\/corporateservices\/wp-json\/wp\/v2\/pages\/348\/revisions"}],"wp:attachment":[{"href":"https:\/\/monaghan.ie\/corporateservices\/wp-json\/wp\/v2\/media?parent=348"}],"curies":[{"name":"wp","href":"https:\/\/api.w.org\/{rel}","templated":true}]}}