{"id":506,"date":"2020-08-10T14:38:41","date_gmt":"2020-08-10T13:38:41","guid":{"rendered":"https:\/\/monaghan.ie\/corporateservices\/?page_id=506"},"modified":"2025-02-04T18:01:32","modified_gmt":"2025-02-04T18:01:32","slug":"gaeilge-irish-language","status":"publish","type":"page","link":"https:\/\/monaghan.ie\/corporateservices\/gaeilge-irish-language\/","title":{"rendered":"Gaeilge- Irish Language"},"content":{"rendered":"<p>&nbsp;<\/p>\n<table>\n<tbody>\n<tr>\n<td><a class=\"button\" href=\"https:\/\/monaghan.ie\/corporateservices\/sceim-na-gaeilge\/\">Sc\u00e9im na Gaeilge 2020-2023<\/a><\/td>\n<\/tr>\n<tr>\n<td><a class=\"button\" href=\"https:\/\/monaghan.ie\/irish-speakers\/\">Gaeilgeoir\u00ed na Foirne- Irish Speakers<\/a><\/td>\n<\/tr>\n<\/tbody>\n<\/table>\n<h3>Tuarasc\u00e1il Bhliant\u00fail<\/h3>\n<table>\n<tbody>\n<tr>\n<td><a class=\"button\" href=\"https:\/\/monaghan.ie\/wp-content\/uploads\/2020\/07\/Tuarasc%C3%A1il-Bhliant%C3%BAil-2019.pdf\" target=\"_blank\" rel=\"noopener noreferrer\">TUARASC\u00c1IL BHLIANT\u00daIL 2019<\/a><\/td>\n<td><a class=\"button\" href=\"https:\/\/monaghan.ie\/wp-content\/uploads\/2019\/06\/Tuarasc%C3%A1il-Bhliant%C3%BAil-2018.pdf\" target=\"_blank\" rel=\"noopener noreferrer\">Tuarasc\u00e1il Bhliant\u00fail 2018<br \/>\n<\/a><\/td>\n<\/tr>\n<tr>\n<td><a class=\"button\" href=\"https:\/\/monaghan.ie\/wp-content\/uploads\/2016\/11\/FINAL-ADOPTED-Annual-Report-2017-Irish-Version.pdf\" target=\"_blank\" rel=\"noopener noreferrer\">TUARASC\u00c1IL BHLIANT\u00daIL 2017<\/a><\/td>\n<td><a class=\"button\" href=\"https:\/\/monaghan.ie\/wp-content\/uploads\/2016\/11\/Tuarasc%C3%A1il-2016-Gaeilge.pdf\" target=\"_blank\" rel=\"noopener noreferrer\">TUARASC\u00c1IL BHLIANT\u00daIL 2016<\/a><\/td>\n<\/tr>\n<\/tbody>\n<\/table>\n<h3>Coiste Gaeilge<\/h3>\n<table>\n<tbody>\n<tr>\n<td><a class=\"button\" href=\"https:\/\/monaghan.ie\/corporateservices\/wp-content\/uploads\/sites\/9\/2021\/04\/Coiste-Gaeilge-2020.pdf\" target=\"_blank\" rel=\"noopener noreferrer\">TUARASC\u00c1IL BHLIANT\u00daIL AN COITSE 2020<\/a><\/td>\n<td><\/td>\n<\/tr>\n<tr>\n<td><a class=\"button\" href=\"https:\/\/monaghan.ie\/corporateservices\/wp-content\/uploads\/sites\/9\/2021\/04\/Coiste-Report-2019.pdf\" target=\"_blank\" rel=\"noopener noreferrer\">TUARASC\u00c1IL BHLIANT\u00daIL AN COITSE 2019<\/a><\/td>\n<td><\/td>\n<\/tr>\n<\/tbody>\n<\/table>\n<h3>Foirmeacha as Ghaeilge<\/h3>\n<p><a class=\"button\" href=\"https:\/\/monaghan.ie\/corporateservices\/forms-in-irish-language\/\">Foirmeacha as Ghaeilge<\/a><\/p>\n<h3><\/h3>\n<p>&nbsp;<\/p>\n","protected":false},"excerpt":{"rendered":"<p>&nbsp; Sc\u00e9im na Gaeilge 2020-2023 Gaeilgeoir\u00ed na Foirne- Irish Speakers Tuarasc\u00e1il Bhliant\u00fail TUARASC\u00c1IL BHLIANT\u00daIL 2019 Tuarasc\u00e1il Bhliant\u00fail 2018 TUARASC\u00c1IL BHLIANT\u00daIL 2017 TUARASC\u00c1IL BHLIANT\u00daIL 2016 Coiste Gaeilge TUARASC\u00c1IL BHLIANT\u00daIL AN COITSE [&hellip;]<\/p>\n","protected":false},"author":43,"featured_media":0,"parent":0,"menu_order":0,"comment_status":"closed","ping_status":"closed","template":"","meta":{"_searchwp_excluded":"","footnotes":""},"class_list":["post-506","page","type-page","status-publish","hentry"],"yoast_head":"<!-- This site is optimized with the Yoast SEO plugin v27.2 - https:\/\/yoast.com\/product\/yoast-seo-wordpress\/ -->\n<title>Gaeilge- Irish Language - Corporate Services<\/title>\n<meta name=\"robots\" content=\"index, follow, max-snippet:-1, max-image-preview:large, max-video-preview:-1\" \/>\n<link rel=\"canonical\" href=\"https:\/\/monaghan.ie\/corporateservices\/gaeilge-irish-language\/\" \/>\n<meta property=\"og:locale\" content=\"en_GB\" \/>\n<meta property=\"og:type\" content=\"article\" \/>\n<meta property=\"og:title\" content=\"Gaeilge- Irish Language - Corporate Services\" \/>\n<meta property=\"og:description\" content=\"&nbsp; Sc\u00e9im na Gaeilge 2020-2023 Gaeilgeoir\u00ed na Foirne- Irish Speakers Tuarasc\u00e1il Bhliant\u00fail TUARASC\u00c1IL BHLIANT\u00daIL 2019 Tuarasc\u00e1il Bhliant\u00fail 2018 TUARASC\u00c1IL BHLIANT\u00daIL 2017 TUARASC\u00c1IL BHLIANT\u00daIL 2016 Coiste Gaeilge TUARASC\u00c1IL BHLIANT\u00daIL AN COITSE [&hellip;]\" \/>\n<meta property=\"og:url\" content=\"https:\/\/monaghan.ie\/corporateservices\/gaeilge-irish-language\/\" \/>\n<meta property=\"og:site_name\" content=\"Corporate Services\" \/>\n<meta property=\"article:modified_time\" content=\"2025-02-04T18:01:32+00:00\" \/>\n<meta name=\"twitter:card\" content=\"summary_large_image\" \/>\n<meta name=\"twitter:label1\" content=\"Estimated reading time\" \/>\n\t<meta name=\"twitter:data1\" content=\"1 minute\" \/>\n<script type=\"application\/ld+json\" class=\"yoast-schema-graph\">{\"@context\":\"https:\/\/schema.org\",\"@graph\":[{\"@type\":\"WebPage\",\"@id\":\"https:\/\/monaghan.ie\/corporateservices\/gaeilge-irish-language\/\",\"url\":\"https:\/\/monaghan.ie\/corporateservices\/gaeilge-irish-language\/\",\"name\":\"Gaeilge- Irish Language - Corporate Services\",\"isPartOf\":{\"@id\":\"https:\/\/monaghan.ie\/corporateservices\/#website\"},\"datePublished\":\"2020-08-10T13:38:41+00:00\",\"dateModified\":\"2025-02-04T18:01:32+00:00\",\"breadcrumb\":{\"@id\":\"https:\/\/monaghan.ie\/corporateservices\/gaeilge-irish-language\/#breadcrumb\"},\"inLanguage\":\"en-GB\",\"potentialAction\":[{\"@type\":\"ReadAction\",\"target\":[\"https:\/\/monaghan.ie\/corporateservices\/gaeilge-irish-language\/\"]}]},{\"@type\":\"BreadcrumbList\",\"@id\":\"https:\/\/monaghan.ie\/corporateservices\/gaeilge-irish-language\/#breadcrumb\",\"itemListElement\":[{\"@type\":\"ListItem\",\"position\":1,\"name\":\"Home\",\"item\":\"https:\/\/monaghan.ie\/corporateservices\/\"},{\"@type\":\"ListItem\",\"position\":2,\"name\":\"Gaeilge- Irish Language\"}]},{\"@type\":\"WebSite\",\"@id\":\"https:\/\/monaghan.ie\/corporateservices\/#website\",\"url\":\"https:\/\/monaghan.ie\/corporateservices\/\",\"name\":\"Corporate Services\",\"description\":\"Monaghan County Council\",\"potentialAction\":[{\"@type\":\"SearchAction\",\"target\":{\"@type\":\"EntryPoint\",\"urlTemplate\":\"https:\/\/monaghan.ie\/corporateservices\/?s={search_term_string}\"},\"query-input\":{\"@type\":\"PropertyValueSpecification\",\"valueRequired\":true,\"valueName\":\"search_term_string\"}}],\"inLanguage\":\"en-GB\"}]}<\/script>\n<!-- \/ Yoast SEO plugin. -->","yoast_head_json":{"title":"Gaeilge- Irish Language - Corporate Services","robots":{"index":"index","follow":"follow","max-snippet":"max-snippet:-1","max-image-preview":"max-image-preview:large","max-video-preview":"max-video-preview:-1"},"canonical":"https:\/\/monaghan.ie\/corporateservices\/gaeilge-irish-language\/","og_locale":"en_GB","og_type":"article","og_title":"Gaeilge- Irish Language - Corporate Services","og_description":"&nbsp; Sc\u00e9im na Gaeilge 2020-2023 Gaeilgeoir\u00ed na Foirne- Irish Speakers Tuarasc\u00e1il Bhliant\u00fail TUARASC\u00c1IL BHLIANT\u00daIL 2019 Tuarasc\u00e1il Bhliant\u00fail 2018 TUARASC\u00c1IL BHLIANT\u00daIL 2017 TUARASC\u00c1IL BHLIANT\u00daIL 2016 Coiste Gaeilge TUARASC\u00c1IL BHLIANT\u00daIL AN COITSE [&hellip;]","og_url":"https:\/\/monaghan.ie\/corporateservices\/gaeilge-irish-language\/","og_site_name":"Corporate Services","article_modified_time":"2025-02-04T18:01:32+00:00","twitter_card":"summary_large_image","twitter_misc":{"Estimated reading time":"1 minute"},"schema":{"@context":"https:\/\/schema.org","@graph":[{"@type":"WebPage","@id":"https:\/\/monaghan.ie\/corporateservices\/gaeilge-irish-language\/","url":"https:\/\/monaghan.ie\/corporateservices\/gaeilge-irish-language\/","name":"Gaeilge- Irish Language - Corporate Services","isPartOf":{"@id":"https:\/\/monaghan.ie\/corporateservices\/#website"},"datePublished":"2020-08-10T13:38:41+00:00","dateModified":"2025-02-04T18:01:32+00:00","breadcrumb":{"@id":"https:\/\/monaghan.ie\/corporateservices\/gaeilge-irish-language\/#breadcrumb"},"inLanguage":"en-GB","potentialAction":[{"@type":"ReadAction","target":["https:\/\/monaghan.ie\/corporateservices\/gaeilge-irish-language\/"]}]},{"@type":"BreadcrumbList","@id":"https:\/\/monaghan.ie\/corporateservices\/gaeilge-irish-language\/#breadcrumb","itemListElement":[{"@type":"ListItem","position":1,"name":"Home","item":"https:\/\/monaghan.ie\/corporateservices\/"},{"@type":"ListItem","position":2,"name":"Gaeilge- Irish Language"}]},{"@type":"WebSite","@id":"https:\/\/monaghan.ie\/corporateservices\/#website","url":"https:\/\/monaghan.ie\/corporateservices\/","name":"Corporate Services","description":"Monaghan County Council","potentialAction":[{"@type":"SearchAction","target":{"@type":"EntryPoint","urlTemplate":"https:\/\/monaghan.ie\/corporateservices\/?s={search_term_string}"},"query-input":{"@type":"PropertyValueSpecification","valueRequired":true,"valueName":"search_term_string"}}],"inLanguage":"en-GB"}]}},"_links":{"self":[{"href":"https:\/\/monaghan.ie\/corporateservices\/wp-json\/wp\/v2\/pages\/506","targetHints":{"allow":["GET"]}}],"collection":[{"href":"https:\/\/monaghan.ie\/corporateservices\/wp-json\/wp\/v2\/pages"}],"about":[{"href":"https:\/\/monaghan.ie\/corporateservices\/wp-json\/wp\/v2\/types\/page"}],"author":[{"embeddable":true,"href":"https:\/\/monaghan.ie\/corporateservices\/wp-json\/wp\/v2\/users\/43"}],"replies":[{"embeddable":true,"href":"https:\/\/monaghan.ie\/corporateservices\/wp-json\/wp\/v2\/comments?post=506"}],"version-history":[{"count":6,"href":"https:\/\/monaghan.ie\/corporateservices\/wp-json\/wp\/v2\/pages\/506\/revisions"}],"predecessor-version":[{"id":953,"href":"https:\/\/monaghan.ie\/corporateservices\/wp-json\/wp\/v2\/pages\/506\/revisions\/953"}],"wp:attachment":[{"href":"https:\/\/monaghan.ie\/corporateservices\/wp-json\/wp\/v2\/media?parent=506"}],"curies":[{"name":"wp","href":"https:\/\/api.w.org\/{rel}","templated":true}]}}