{"id":3180,"date":"2019-10-02T12:00:10","date_gmt":"2019-10-02T11:00:10","guid":{"rendered":"https:\/\/monaghan.ie\/environment\/?page_id=3180"},"modified":"2025-02-06T11:41:24","modified_gmt":"2025-02-06T11:41:24","slug":"draft-waste-bye-laws-2019","status":"publish","type":"page","link":"https:\/\/monaghan.ie\/environment\/draft-waste-bye-laws-2019\/","title":{"rendered":"Draft Waste Bye-Laws 2019"},"content":{"rendered":"<p>Pursuant to Section 35(1) of the Waste Management Act 1996 as amended and Section 199(1) of the Local Government Act 2001 as amended and in accordance with Part 19 of the Local Government Act 2001 as amended, Monaghan County Council proposes to make a bye-law entitled \u2018County of Monaghan (Segregation, Storage and Presentation of Household and Commercial Waste) Bye-Laws, 2019.<\/p>\n<p>The purpose of making the bye-law is to ensure that households and businesses provide evidence of participation in an authorised waste collection service, use approved receptacles and storage, appropriately segregate waste and remove hazardous waste and ensure that an orderly waste collection is carried out in County Monaghan.<\/p>\n<p>The penalties proposed for contravention of the bye-law is a fixed payment notice of \u20ac75 to be paid within 21 days and failing payment of the fixed penalty notice a maximum penalty on conviction of \u20ac2,500. Penalties for continued offences post-conviction are also provided for.<\/p>\n<p>A copy of the proposed bye-law is available for inspection at the offices of Environmental Services, Monaghan County Council, Riverside Road, Carrickmacross, Co. Monaghan between the hours of 9am \u2013 5.pm, Monday to Friday for an eight-week period from Thursday 10<sup>th<\/sup>\u00a0 October\u00a0 until the\u00a0<strong>5<sup>th<\/sup> December\u00a0 2019<\/strong>\u00a0or at the link below. A copy of the draft bye-law may be obtained by any person on the payment to Monaghan County Council of such fee (if any) as the local authority fixes not exceeding the reasonable cost of copying it.<\/p>\n<p>&nbsp;<\/p>\n<p><a style=\"font-family: 'PT Sans', sans-serif;font-size: 16px;font-style: normal;font-weight: 400\" href=\"https:\/\/monaghan.ie\/environment\/wp-content\/uploads\/sites\/11\/2019\/10\/Dr\u00e9acht-Fhodhl\u00edthe-Dramha\u00edl-Teaghlaigh-agus-Tr\u00e1cht\u00e1la-a-Leithlisi\u00fa-a-St\u00f3r\u00e1il-agus-a-Thabhairt-i-L\u00e1thair-2019.pdf\" target=\"\" rel=\"noopener noreferrer\">Dr\u00e9acht Fhodhl\u00edthe (Dramha\u00edl Teaghlaigh Agus Tr\u00e1cht\u00e1la A Leithlisi\u00fa, A St\u00f3r\u00e1il Agus A Thabhairt I L\u00e1thair), 2019 (PDF)<\/a><\/p>\n<p style=\"font-family: 'PT Sans', sans-serif;font-size: 16px;font-style: normal;font-weight: 400\"><a style=\"font-size: 16px\" href=\"https:\/\/monaghan.ie\/environment\/wp-content\/uploads\/sites\/11\/2019\/10\/Draft-Waste-Presentation-Bye-Laws-2019-.pdf\" target=\"_blank\" rel=\"noopener noreferrer\">Draft Waste Presentation Bye Laws 2019 (PDF)<\/a><\/p>\n<p>&nbsp;<\/p>\n<p>Monaghan County Council will consider any submissions in relation to the draft bye-law which are submitted in writing to:<\/p>\n<p>Administrative Officer<\/p>\n<p>Environment Section,<\/p>\n<p>Monaghan County Council,<\/p>\n<p>Riverside Road<\/p>\n<p>Carrickmacross<\/p>\n<p>Co. Monaghan<\/p>\n<p>Or by email to <a href=\"mailto:waste@monaghancoco.ie\">waste@monaghancoco.ie<\/a><\/p>\n<p>&nbsp;<\/p>\n<p>for a further period ending on\u00a0<strong>12<sup>th<\/sup>\u00a0 December 2019<\/strong>\u00a0at\u00a0<strong>5pm<\/strong>. It is also proposed through the above Bye-Laws to revoke existing Bye-Laws entitled \u201cCounty of Monaghan (Collection, storage and presentation of waste and certain related waste management matters) Bye-Laws 2008.<\/p>\n<p>&nbsp;<\/p>\n<p>T\u00e1 c\u00f3ip den Dr\u00e9acht-Fhodhl\u00edthe le fail as Gaeilge agus f\u00e1ilt\u00edonn an Comhairle roimh aighneacht i nGaeilge .<\/p>\n<p><strong>Signed<\/strong><\/p>\n<p><strong>Adge King<\/strong><\/p>\n<p><strong>Director of Services<\/strong><\/p>\n<p>&nbsp;<\/p>\n<p>&nbsp;<\/p>\n","protected":false},"excerpt":{"rendered":"<p>Pursuant to Section 35(1) of the Waste Management Act 1996 as amended and Section 199(1) of the Local Government Act 2001 as amended and in accordance with Part 19 of [&hellip;]<\/p>\n","protected":false},"author":1,"featured_media":0,"parent":0,"menu_order":0,"comment_status":"closed","ping_status":"closed","template":"","meta":{"_searchwp_excluded":"","footnotes":""},"class_list":["post-3180","page","type-page","status-publish","hentry"],"yoast_head":"<!-- This site is optimized with the Yoast SEO plugin v27.2 - https:\/\/yoast.com\/product\/yoast-seo-wordpress\/ -->\n<title>Draft Waste Bye-Laws 2019 - Environment<\/title>\n<meta name=\"robots\" content=\"index, follow, max-snippet:-1, max-image-preview:large, max-video-preview:-1\" \/>\n<link rel=\"canonical\" href=\"https:\/\/monaghan.ie\/environment\/draft-waste-bye-laws-2019\/\" \/>\n<meta property=\"og:locale\" content=\"en_GB\" \/>\n<meta property=\"og:type\" content=\"article\" \/>\n<meta property=\"og:title\" content=\"Draft Waste Bye-Laws 2019 - Environment\" \/>\n<meta property=\"og:description\" content=\"Pursuant to Section 35(1) of the Waste Management Act 1996 as amended and Section 199(1) of the Local Government Act 2001 as amended and in accordance with Part 19 of [&hellip;]\" \/>\n<meta property=\"og:url\" content=\"https:\/\/monaghan.ie\/environment\/draft-waste-bye-laws-2019\/\" \/>\n<meta property=\"og:site_name\" content=\"Environment\" \/>\n<meta property=\"article:modified_time\" content=\"2025-02-06T11:41:24+00:00\" \/>\n<meta name=\"twitter:card\" content=\"summary_large_image\" \/>\n<meta name=\"twitter:label1\" content=\"Estimated reading time\" \/>\n\t<meta name=\"twitter:data1\" content=\"2 minutes\" \/>\n<script type=\"application\/ld+json\" class=\"yoast-schema-graph\">{\"@context\":\"https:\/\/schema.org\",\"@graph\":[{\"@type\":\"WebPage\",\"@id\":\"https:\/\/monaghan.ie\/environment\/draft-waste-bye-laws-2019\/\",\"url\":\"https:\/\/monaghan.ie\/environment\/draft-waste-bye-laws-2019\/\",\"name\":\"Draft Waste Bye-Laws 2019 - Environment\",\"isPartOf\":{\"@id\":\"https:\/\/monaghan.ie\/environment\/#website\"},\"datePublished\":\"2019-10-02T11:00:10+00:00\",\"dateModified\":\"2025-02-06T11:41:24+00:00\",\"breadcrumb\":{\"@id\":\"https:\/\/monaghan.ie\/environment\/draft-waste-bye-laws-2019\/#breadcrumb\"},\"inLanguage\":\"en-GB\",\"potentialAction\":[{\"@type\":\"ReadAction\",\"target\":[\"https:\/\/monaghan.ie\/environment\/draft-waste-bye-laws-2019\/\"]}]},{\"@type\":\"BreadcrumbList\",\"@id\":\"https:\/\/monaghan.ie\/environment\/draft-waste-bye-laws-2019\/#breadcrumb\",\"itemListElement\":[{\"@type\":\"ListItem\",\"position\":1,\"name\":\"Home\",\"item\":\"https:\/\/monaghan.ie\/environment\/\"},{\"@type\":\"ListItem\",\"position\":2,\"name\":\"Draft Waste Bye-Laws 2019\"}]},{\"@type\":\"WebSite\",\"@id\":\"https:\/\/monaghan.ie\/environment\/#website\",\"url\":\"https:\/\/monaghan.ie\/environment\/\",\"name\":\"Environment\",\"description\":\"Monaghan County Council\",\"potentialAction\":[{\"@type\":\"SearchAction\",\"target\":{\"@type\":\"EntryPoint\",\"urlTemplate\":\"https:\/\/monaghan.ie\/environment\/?s={search_term_string}\"},\"query-input\":{\"@type\":\"PropertyValueSpecification\",\"valueRequired\":true,\"valueName\":\"search_term_string\"}}],\"inLanguage\":\"en-GB\"}]}<\/script>\n<!-- \/ Yoast SEO plugin. -->","yoast_head_json":{"title":"Draft Waste Bye-Laws 2019 - Environment","robots":{"index":"index","follow":"follow","max-snippet":"max-snippet:-1","max-image-preview":"max-image-preview:large","max-video-preview":"max-video-preview:-1"},"canonical":"https:\/\/monaghan.ie\/environment\/draft-waste-bye-laws-2019\/","og_locale":"en_GB","og_type":"article","og_title":"Draft Waste Bye-Laws 2019 - Environment","og_description":"Pursuant to Section 35(1) of the Waste Management Act 1996 as amended and Section 199(1) of the Local Government Act 2001 as amended and in accordance with Part 19 of [&hellip;]","og_url":"https:\/\/monaghan.ie\/environment\/draft-waste-bye-laws-2019\/","og_site_name":"Environment","article_modified_time":"2025-02-06T11:41:24+00:00","twitter_card":"summary_large_image","twitter_misc":{"Estimated reading time":"2 minutes"},"schema":{"@context":"https:\/\/schema.org","@graph":[{"@type":"WebPage","@id":"https:\/\/monaghan.ie\/environment\/draft-waste-bye-laws-2019\/","url":"https:\/\/monaghan.ie\/environment\/draft-waste-bye-laws-2019\/","name":"Draft Waste Bye-Laws 2019 - Environment","isPartOf":{"@id":"https:\/\/monaghan.ie\/environment\/#website"},"datePublished":"2019-10-02T11:00:10+00:00","dateModified":"2025-02-06T11:41:24+00:00","breadcrumb":{"@id":"https:\/\/monaghan.ie\/environment\/draft-waste-bye-laws-2019\/#breadcrumb"},"inLanguage":"en-GB","potentialAction":[{"@type":"ReadAction","target":["https:\/\/monaghan.ie\/environment\/draft-waste-bye-laws-2019\/"]}]},{"@type":"BreadcrumbList","@id":"https:\/\/monaghan.ie\/environment\/draft-waste-bye-laws-2019\/#breadcrumb","itemListElement":[{"@type":"ListItem","position":1,"name":"Home","item":"https:\/\/monaghan.ie\/environment\/"},{"@type":"ListItem","position":2,"name":"Draft Waste Bye-Laws 2019"}]},{"@type":"WebSite","@id":"https:\/\/monaghan.ie\/environment\/#website","url":"https:\/\/monaghan.ie\/environment\/","name":"Environment","description":"Monaghan County Council","potentialAction":[{"@type":"SearchAction","target":{"@type":"EntryPoint","urlTemplate":"https:\/\/monaghan.ie\/environment\/?s={search_term_string}"},"query-input":{"@type":"PropertyValueSpecification","valueRequired":true,"valueName":"search_term_string"}}],"inLanguage":"en-GB"}]}},"_links":{"self":[{"href":"https:\/\/monaghan.ie\/environment\/wp-json\/wp\/v2\/pages\/3180","targetHints":{"allow":["GET"]}}],"collection":[{"href":"https:\/\/monaghan.ie\/environment\/wp-json\/wp\/v2\/pages"}],"about":[{"href":"https:\/\/monaghan.ie\/environment\/wp-json\/wp\/v2\/types\/page"}],"author":[{"embeddable":true,"href":"https:\/\/monaghan.ie\/environment\/wp-json\/wp\/v2\/users\/1"}],"replies":[{"embeddable":true,"href":"https:\/\/monaghan.ie\/environment\/wp-json\/wp\/v2\/comments?post=3180"}],"version-history":[{"count":2,"href":"https:\/\/monaghan.ie\/environment\/wp-json\/wp\/v2\/pages\/3180\/revisions"}],"predecessor-version":[{"id":8411,"href":"https:\/\/monaghan.ie\/environment\/wp-json\/wp\/v2\/pages\/3180\/revisions\/8411"}],"wp:attachment":[{"href":"https:\/\/monaghan.ie\/environment\/wp-json\/wp\/v2\/media?parent=3180"}],"curies":[{"name":"wp","href":"https:\/\/api.w.org\/{rel}","templated":true}]}}