{"id":9874,"date":"2025-01-10T12:45:15","date_gmt":"2025-01-10T12:45:15","guid":{"rendered":"https:\/\/monaghan.ie\/environment\/?page_id=9874"},"modified":"2026-03-11T16:58:46","modified_gmt":"2026-03-11T16:58:46","slug":"litter-management-plan","status":"publish","type":"page","link":"https:\/\/monaghan.ie\/environment\/litter-management-plan\/","title":{"rendered":"Litter Management Plan"},"content":{"rendered":"<p style=\"text-align: center;\"><strong>Public Consultation Now Open on Monaghan\u2019s Draft Litter Management Plan 2026\u20132029<\/strong><\/p>\n<p>&nbsp;<\/p>\n<p>Monaghan County Council has, under Section 10 of the Litter Pollution Act 1997-2009, reviewed the Litter Management Plan for County Monaghan and has drafted a replacement Litter Management Plan for the period 2026-2029.<\/p>\n<p>A summary of the proposed Draft Litter Management Plan for the period 2026\u20132029 is available free of charge from Monaghan County Council and may be obtained from the Environment Section, Carrickmacross Civic Offices, Riverside Road, Carrickmacross, Co. Monaghan A81 HY83, or by phoning 042 9661240. The Draft Litter Management Plan can also be downloaded here:<\/p>\n<p>&nbsp;<\/p>\n<h3><a href=\"https:\/\/monaghan.ie\/environment\/wp-content\/uploads\/sites\/11\/2026\/03\/Mon-Co-Co-Litter-Management-Plan-2026-2029-English-Draft-26.2.26-Compressed.pdf\" target=\"_blank\" rel=\"noopener\"><strong>Monaghan\u2019s Draft Litter Management Plan 2026\u20132029<\/strong><\/a><\/h3>\n<h3><a href=\"https:\/\/monaghan.ie\/environment\/wp-content\/uploads\/sites\/11\/2026\/03\/Mon-Co-Co-Litter-Management-Plan-2026-2029-Irish-Draft-16.2.26-002-Compressed.pdf\" target=\"_blank\" rel=\"noopener\"><strong>Monaghan\u2019s Draft Litter Management Plan 2026\u20132029 (as Gaeilge)<\/strong><\/a><\/h3>\n<p>&nbsp;<\/p>\n<p>Any person or organisation wishing to make comment on the Draft Litter Management Plan 2026 &#8211; 2029, can do so on Monaghan County Council\u2019s Consult Portal \u2013 <strong><a href=\"https:\/\/consult.monaghancoco.ie\/\">https:\/\/consult.monaghancoco.ie\/<\/a> <\/strong>before <strong>4pm Friday 10<sup>th<\/sup> April 2026<\/strong>.<\/p>\n<p>Alternatively, submissions can be made in writing to,<\/p>\n<p>Administrative Officer, Environmental Services, Carrickmacross Civic Offices, Riverside Rd., Carrickmacross, Co. Monaghan A81 HY83 before <strong>4pm Friday 10th April 2026<\/strong>.<\/p>\n<p>All submissions made to Monaghan County Council in relation to the replacement plan will be taken into consideration by the local authority before the plan is adopted.<\/p>\n<p>&nbsp;<\/p>\n<p>Signed:<\/p>\n<p><strong>Nial O\u2019Connor<\/strong><\/p>\n<p><strong>A\/Director of Services<\/strong><\/p>\n<p>&nbsp;<\/p>\n<p>&nbsp;<\/p>\n<h3>Previous Litter Management Plan:<\/h3>\n<p><a href=\"https:\/\/monaghan.ie\/environment\/wp-content\/uploads\/sites\/11\/2021\/10\/Final-Litter-Management-Plan-adopted-11th-October-2021.pdf\" target=\"_blank\" rel=\"noopener\"><strong>Final Litter Management Plan Adopted 11th October 2021 (PDF)<\/strong><\/a><\/p>\n<p>T\u00e1 c\u00f3ip den Phlean le f\u00e1il as Gaeilge anseo:<\/p>\n<p><strong><a href=\"https:\/\/monaghan.ie\/environment\/wp-content\/uploads\/sites\/11\/2021\/10\/Final-Plean-Bruscair-2021-2023-October-2021.pdf\" target=\"_blank\" rel=\"noopener\">Final Plean Bruscair 2021 2023 October 2021 (PDF)<\/a><\/strong><\/p>\n<p>&nbsp;<\/p>\n<p>&nbsp;<\/p>\n<p>&nbsp;<\/p>\n","protected":false},"excerpt":{"rendered":"<p>Public Consultation Now Open on Monaghan\u2019s Draft Litter Management Plan 2026\u20132029 &nbsp; Monaghan County Council has, under Section 10 of the Litter Pollution Act 1997-2009, reviewed the Litter Management Plan [&hellip;]<\/p>\n","protected":false},"author":1,"featured_media":0,"parent":0,"menu_order":0,"comment_status":"closed","ping_status":"closed","template":"","meta":{"_searchwp_excluded":"","footnotes":""},"class_list":["post-9874","page","type-page","status-publish","hentry"],"yoast_head":"<!-- This site is optimized with the Yoast SEO plugin v27.2 - https:\/\/yoast.com\/product\/yoast-seo-wordpress\/ -->\n<title>Litter Management Plan - Environment<\/title>\n<meta name=\"robots\" content=\"index, follow, max-snippet:-1, max-image-preview:large, max-video-preview:-1\" \/>\n<link rel=\"canonical\" href=\"https:\/\/monaghan.ie\/environment\/litter-management-plan\/\" \/>\n<meta property=\"og:locale\" content=\"en_GB\" \/>\n<meta property=\"og:type\" content=\"article\" \/>\n<meta property=\"og:title\" content=\"Litter Management Plan - Environment\" \/>\n<meta property=\"og:description\" content=\"Public Consultation Now Open on Monaghan\u2019s Draft Litter Management Plan 2026\u20132029 &nbsp; Monaghan County Council has, under Section 10 of the Litter Pollution Act 1997-2009, reviewed the Litter Management Plan [&hellip;]\" \/>\n<meta property=\"og:url\" content=\"https:\/\/monaghan.ie\/environment\/litter-management-plan\/\" \/>\n<meta property=\"og:site_name\" content=\"Environment\" \/>\n<meta property=\"article:modified_time\" content=\"2026-03-11T16:58:46+00:00\" \/>\n<meta name=\"twitter:card\" content=\"summary_large_image\" \/>\n<meta name=\"twitter:label1\" content=\"Estimated reading time\" \/>\n\t<meta name=\"twitter:data1\" content=\"2 minutes\" \/>\n<script type=\"application\/ld+json\" class=\"yoast-schema-graph\">{\"@context\":\"https:\/\/schema.org\",\"@graph\":[{\"@type\":\"WebPage\",\"@id\":\"https:\/\/monaghan.ie\/environment\/litter-management-plan\/\",\"url\":\"https:\/\/monaghan.ie\/environment\/litter-management-plan\/\",\"name\":\"Litter Management Plan - Environment\",\"isPartOf\":{\"@id\":\"https:\/\/monaghan.ie\/environment\/#website\"},\"datePublished\":\"2025-01-10T12:45:15+00:00\",\"dateModified\":\"2026-03-11T16:58:46+00:00\",\"breadcrumb\":{\"@id\":\"https:\/\/monaghan.ie\/environment\/litter-management-plan\/#breadcrumb\"},\"inLanguage\":\"en-GB\",\"potentialAction\":[{\"@type\":\"ReadAction\",\"target\":[\"https:\/\/monaghan.ie\/environment\/litter-management-plan\/\"]}]},{\"@type\":\"BreadcrumbList\",\"@id\":\"https:\/\/monaghan.ie\/environment\/litter-management-plan\/#breadcrumb\",\"itemListElement\":[{\"@type\":\"ListItem\",\"position\":1,\"name\":\"Home\",\"item\":\"https:\/\/monaghan.ie\/environment\/\"},{\"@type\":\"ListItem\",\"position\":2,\"name\":\"Litter Management Plan\"}]},{\"@type\":\"WebSite\",\"@id\":\"https:\/\/monaghan.ie\/environment\/#website\",\"url\":\"https:\/\/monaghan.ie\/environment\/\",\"name\":\"Environment\",\"description\":\"Monaghan County Council\",\"potentialAction\":[{\"@type\":\"SearchAction\",\"target\":{\"@type\":\"EntryPoint\",\"urlTemplate\":\"https:\/\/monaghan.ie\/environment\/?s={search_term_string}\"},\"query-input\":{\"@type\":\"PropertyValueSpecification\",\"valueRequired\":true,\"valueName\":\"search_term_string\"}}],\"inLanguage\":\"en-GB\"}]}<\/script>\n<!-- \/ Yoast SEO plugin. -->","yoast_head_json":{"title":"Litter Management Plan - Environment","robots":{"index":"index","follow":"follow","max-snippet":"max-snippet:-1","max-image-preview":"max-image-preview:large","max-video-preview":"max-video-preview:-1"},"canonical":"https:\/\/monaghan.ie\/environment\/litter-management-plan\/","og_locale":"en_GB","og_type":"article","og_title":"Litter Management Plan - Environment","og_description":"Public Consultation Now Open on Monaghan\u2019s Draft Litter Management Plan 2026\u20132029 &nbsp; Monaghan County Council has, under Section 10 of the Litter Pollution Act 1997-2009, reviewed the Litter Management Plan [&hellip;]","og_url":"https:\/\/monaghan.ie\/environment\/litter-management-plan\/","og_site_name":"Environment","article_modified_time":"2026-03-11T16:58:46+00:00","twitter_card":"summary_large_image","twitter_misc":{"Estimated reading time":"2 minutes"},"schema":{"@context":"https:\/\/schema.org","@graph":[{"@type":"WebPage","@id":"https:\/\/monaghan.ie\/environment\/litter-management-plan\/","url":"https:\/\/monaghan.ie\/environment\/litter-management-plan\/","name":"Litter Management Plan - Environment","isPartOf":{"@id":"https:\/\/monaghan.ie\/environment\/#website"},"datePublished":"2025-01-10T12:45:15+00:00","dateModified":"2026-03-11T16:58:46+00:00","breadcrumb":{"@id":"https:\/\/monaghan.ie\/environment\/litter-management-plan\/#breadcrumb"},"inLanguage":"en-GB","potentialAction":[{"@type":"ReadAction","target":["https:\/\/monaghan.ie\/environment\/litter-management-plan\/"]}]},{"@type":"BreadcrumbList","@id":"https:\/\/monaghan.ie\/environment\/litter-management-plan\/#breadcrumb","itemListElement":[{"@type":"ListItem","position":1,"name":"Home","item":"https:\/\/monaghan.ie\/environment\/"},{"@type":"ListItem","position":2,"name":"Litter Management Plan"}]},{"@type":"WebSite","@id":"https:\/\/monaghan.ie\/environment\/#website","url":"https:\/\/monaghan.ie\/environment\/","name":"Environment","description":"Monaghan County Council","potentialAction":[{"@type":"SearchAction","target":{"@type":"EntryPoint","urlTemplate":"https:\/\/monaghan.ie\/environment\/?s={search_term_string}"},"query-input":{"@type":"PropertyValueSpecification","valueRequired":true,"valueName":"search_term_string"}}],"inLanguage":"en-GB"}]}},"_links":{"self":[{"href":"https:\/\/monaghan.ie\/environment\/wp-json\/wp\/v2\/pages\/9874","targetHints":{"allow":["GET"]}}],"collection":[{"href":"https:\/\/monaghan.ie\/environment\/wp-json\/wp\/v2\/pages"}],"about":[{"href":"https:\/\/monaghan.ie\/environment\/wp-json\/wp\/v2\/types\/page"}],"author":[{"embeddable":true,"href":"https:\/\/monaghan.ie\/environment\/wp-json\/wp\/v2\/users\/1"}],"replies":[{"embeddable":true,"href":"https:\/\/monaghan.ie\/environment\/wp-json\/wp\/v2\/comments?post=9874"}],"version-history":[{"count":5,"href":"https:\/\/monaghan.ie\/environment\/wp-json\/wp\/v2\/pages\/9874\/revisions"}],"predecessor-version":[{"id":12266,"href":"https:\/\/monaghan.ie\/environment\/wp-json\/wp\/v2\/pages\/9874\/revisions\/12266"}],"wp:attachment":[{"href":"https:\/\/monaghan.ie\/environment\/wp-json\/wp\/v2\/media?parent=9874"}],"curies":[{"name":"wp","href":"https:\/\/api.w.org\/{rel}","templated":true}]}}