{"id":1740,"date":"2024-10-08T14:07:24","date_gmt":"2024-10-08T14:07:24","guid":{"rendered":"https:\/\/monaghan.ie\/newsite\/?page_id=1740"},"modified":"2025-08-26T11:33:20","modified_gmt":"2025-08-26T10:33:20","slug":"your-council","status":"publish","type":"page","link":"https:\/\/monaghan.ie\/ga\/your-council\/","title":{"rendered":"Do Chomhairle"},"content":{"rendered":"<div data-elementor-type=\"wp-page\" data-elementor-id=\"1740\" class=\"elementor elementor-1740\" data-elementor-post-type=\"page\">\n\t\t\t\t<div class=\"elementor-element elementor-element-44441b4c e-flex e-con-boxed elementor-repeater-item-default_padding elementor-repeater-item-none elementor-repeater-item-none_hover e-con e-parent\" data-id=\"44441b4c\" data-element_type=\"container\" data-e-type=\"container\" data-settings=\"{&quot;ang_container_spacing_size&quot;:&quot;default_padding&quot;}\">\n\t\t\t\t\t<div class=\"e-con-inner\">\n\t\t\t\t<div class=\"elementor-element elementor-element-1e245c11 elementor-repeater-item-none elementor-repeater-item-none_hover elementor-widget elementor-widget-text-editor\" data-id=\"1e245c11\" data-element_type=\"widget\" data-e-type=\"widget\" data-widget_type=\"text-editor.default\">\n\t\t\t\t<div class=\"elementor-widget-container\">\n\t\t\t\t\t\t\t\t\t<div class=\"entry-content\"><p>T\u00e1 Comhairle Contae Mhuineach\u00e1in freagrach as r\u00e9imse leathan seirbh\u00eds\u00ed a chur ar f\u00e1il, lena n-\u00e1ir\u00edtear sol\u00e1thar seirbh\u00eds\u00ed bonneagair at\u00e1 riachtanach do shaol fisici\u00fail, eacnama\u00edochta, s\u00f3isialta agus cult\u00fair an Chontae.<\/p><\/div>\t\t\t\t\t\t\t\t<\/div>\n\t\t\t\t<\/div>\n\t\t\t\t\t<\/div>\n\t\t\t\t<\/div>\n\t\t<div class=\"elementor-element elementor-element-77c866c2 e-grid e-con-boxed elementor-repeater-item-default_padding elementor-repeater-item-none elementor-repeater-item-none_hover e-con e-parent\" data-id=\"77c866c2\" data-element_type=\"container\" data-e-type=\"container\" data-settings=\"{&quot;ang_container_spacing_size&quot;:&quot;default_padding&quot;}\">\n\t\t\t\t\t<div class=\"e-con-inner\">\n\t\t\t\t<div class=\"elementor-element elementor-element-527f6349 columborder elementor-position-top elementor-repeater-item-none elementor-repeater-item-none_hover elementor-widget elementor-widget-image-box\" data-id=\"527f6349\" data-element_type=\"widget\" data-e-type=\"widget\" data-widget_type=\"image-box.default\">\n\t\t\t\t<div class=\"elementor-widget-container\">\n\t\t\t\t\t<div class=\"elementor-image-box-wrapper\"><figure class=\"elementor-image-box-img\"><a href=\"https:\/\/monaghan.ie\/about-monaghan-county-council\/\" tabindex=\"-1\"><img fetchpriority=\"high\" decoding=\"async\" width=\"500\" height=\"300\" src=\"https:\/\/monaghan.ie\/wp-content\/uploads\/2025\/02\/about_Monaghan_CoCo_icon.jpg\" class=\"elementor-animation-shrink attachment-medium_large size-medium_large wp-image-21033\" alt=\"About Monaghan CoCo Icon.jpg\" srcset=\"https:\/\/monaghan.ie\/wp-content\/uploads\/2025\/02\/about_Monaghan_CoCo_icon.jpg 500w, https:\/\/monaghan.ie\/wp-content\/uploads\/2025\/02\/about_Monaghan_CoCo_icon-300x180.jpg 300w\" sizes=\"(max-width: 500px) 100vw, 500px\" \/><\/a><\/figure><div class=\"elementor-image-box-content\"><h3 class=\"elementor-image-box-title\"><a href=\"https:\/\/monaghan.ie\/about-monaghan-county-council\/\">Maidir Linne<\/a><\/h3><\/div><\/div>\t\t\t\t<\/div>\n\t\t\t\t<\/div>\n\t\t\t\t<div class=\"elementor-element elementor-element-14fdf75a columborder elementor-position-top elementor-repeater-item-none elementor-repeater-item-none_hover elementor-widget elementor-widget-image-box\" data-id=\"14fdf75a\" data-element_type=\"widget\" data-e-type=\"widget\" data-widget_type=\"image-box.default\">\n\t\t\t\t<div class=\"elementor-widget-container\">\n\t\t\t\t\t<div class=\"elementor-image-box-wrapper\"><figure class=\"elementor-image-box-img\"><a href=\"https:\/\/monaghan.ie\/minutes-of-meetings\/\" tabindex=\"-1\"><img decoding=\"async\" width=\"500\" height=\"300\" src=\"https:\/\/monaghan.ie\/wp-content\/uploads\/2025\/02\/minutes_icon-1.jpg\" class=\"elementor-animation-shrink attachment-medium_large size-medium_large wp-image-21034\" alt=\"\" srcset=\"https:\/\/monaghan.ie\/wp-content\/uploads\/2025\/02\/minutes_icon-1.jpg 500w, https:\/\/monaghan.ie\/wp-content\/uploads\/2025\/02\/minutes_icon-1-300x180.jpg 300w\" sizes=\"(max-width: 500px) 100vw, 500px\" \/><\/a><\/figure><div class=\"elementor-image-box-content\"><h3 class=\"elementor-image-box-title\"><a href=\"https:\/\/monaghan.ie\/minutes-of-meetings\/\">Miontuairisc\u00ed Chruinnithe na Comhairle<\/a><\/h3><\/div><\/div>\t\t\t\t<\/div>\n\t\t\t\t<\/div>\n\t\t\t\t<div class=\"elementor-element elementor-element-6766fb1f columborder elementor-position-top elementor-repeater-item-none elementor-repeater-item-none_hover elementor-widget elementor-widget-image-box\" data-id=\"6766fb1f\" data-element_type=\"widget\" data-e-type=\"widget\" data-widget_type=\"image-box.default\">\n\t\t\t\t<div class=\"elementor-widget-container\">\n\t\t\t\t\t<div class=\"elementor-image-box-wrapper\"><figure class=\"elementor-image-box-img\"><a href=\"https:\/\/monaghan.ie\/strategic-policy-committee-minutes\/\" tabindex=\"-1\"><img decoding=\"async\" width=\"500\" height=\"300\" src=\"https:\/\/monaghan.ie\/wp-content\/uploads\/2025\/02\/minutes_icon2.jpg\" class=\"elementor-animation-shrink attachment-medium_large size-medium_large wp-image-21035\" alt=\"\" srcset=\"https:\/\/monaghan.ie\/wp-content\/uploads\/2025\/02\/minutes_icon2.jpg 500w, https:\/\/monaghan.ie\/wp-content\/uploads\/2025\/02\/minutes_icon2-300x180.jpg 300w\" sizes=\"(max-width: 500px) 100vw, 500px\" \/><\/a><\/figure><div class=\"elementor-image-box-content\"><h3 class=\"elementor-image-box-title\"><a href=\"https:\/\/monaghan.ie\/strategic-policy-committee-minutes\/\">Coist\u00ed Beartais Strait\u00e9isigh<\/a><\/h3><\/div><\/div>\t\t\t\t<\/div>\n\t\t\t\t<\/div>\n\t\t\t\t<div class=\"elementor-element elementor-element-26b85c03 columborder elementor-position-top elementor-repeater-item-none elementor-repeater-item-none_hover elementor-widget elementor-widget-image-box\" data-id=\"26b85c03\" data-element_type=\"widget\" data-e-type=\"widget\" data-widget_type=\"image-box.default\">\n\t\t\t\t<div class=\"elementor-widget-container\">\n\t\t\t\t\t<div class=\"elementor-image-box-wrapper\"><figure class=\"elementor-image-box-img\"><a href=\"https:\/\/monaghan.ie\/county-councillors-2\/\" tabindex=\"-1\"><img loading=\"lazy\" decoding=\"async\" width=\"500\" height=\"300\" src=\"https:\/\/monaghan.ie\/wp-content\/uploads\/2025\/02\/The_glen_office.jpg\" class=\"elementor-animation-shrink attachment-medium_large size-medium_large wp-image-21036\" alt=\"\" srcset=\"https:\/\/monaghan.ie\/wp-content\/uploads\/2025\/02\/The_glen_office.jpg 500w, https:\/\/monaghan.ie\/wp-content\/uploads\/2025\/02\/The_glen_office-300x180.jpg 300w\" sizes=\"(max-width: 500px) 100vw, 500px\" \/><\/a><\/figure><div class=\"elementor-image-box-content\"><h3 class=\"elementor-image-box-title\"><a href=\"https:\/\/monaghan.ie\/county-councillors-2\/\">Comhairleoir\u00ed Contae<\/a><\/h3><\/div><\/div>\t\t\t\t<\/div>\n\t\t\t\t<\/div>\n\t\t\t\t<div class=\"elementor-element elementor-element-dfa7558 columborder elementor-position-top elementor-repeater-item-none elementor-repeater-item-none_hover elementor-widget elementor-widget-image-box\" data-id=\"dfa7558\" data-element_type=\"widget\" data-e-type=\"widget\" data-widget_type=\"image-box.default\">\n\t\t\t\t<div class=\"elementor-widget-container\">\n\t\t\t\t\t<div class=\"elementor-image-box-wrapper\"><figure class=\"elementor-image-box-img\"><a href=\"https:\/\/monaghan.ie\/councillors-declarations-and-publications\/\" tabindex=\"-1\"><img loading=\"lazy\" decoding=\"async\" width=\"500\" height=\"300\" src=\"https:\/\/monaghan.ie\/wp-content\/uploads\/2025\/02\/Councillors_Declarations_icon.jpg\" class=\"elementor-animation-shrink attachment-medium_large size-medium_large wp-image-21037\" alt=\"\" srcset=\"https:\/\/monaghan.ie\/wp-content\/uploads\/2025\/02\/Councillors_Declarations_icon.jpg 500w, https:\/\/monaghan.ie\/wp-content\/uploads\/2025\/02\/Councillors_Declarations_icon-300x180.jpg 300w\" sizes=\"(max-width: 500px) 100vw, 500px\" \/><\/a><\/figure><div class=\"elementor-image-box-content\"><h3 class=\"elementor-image-box-title\"><a href=\"https:\/\/monaghan.ie\/councillors-declarations-and-publications\/\">Councillors\u2019 Declarations &amp; Expenses<\/a><\/h3><\/div><\/div>\t\t\t\t<\/div>\n\t\t\t\t<\/div>\n\t\t\t\t<div class=\"elementor-element elementor-element-5bf29180 columborder elementor-position-top elementor-repeater-item-none elementor-repeater-item-none_hover elementor-widget elementor-widget-image-box\" data-id=\"5bf29180\" data-element_type=\"widget\" data-e-type=\"widget\" data-widget_type=\"image-box.default\">\n\t\t\t\t<div class=\"elementor-widget-container\">\n\t\t\t\t\t<div class=\"elementor-image-box-wrapper\"><figure class=\"elementor-image-box-img\"><a href=\"https:\/\/monaghan.ie\/corporateservices\/regulation-of-lobbying-act-2015\/\" tabindex=\"-1\"><img loading=\"lazy\" decoding=\"async\" width=\"500\" height=\"300\" src=\"https:\/\/monaghan.ie\/wp-content\/uploads\/2025\/02\/bylaw_icon.jpg\" class=\"elementor-animation-shrink attachment-medium_large size-medium_large wp-image-21038\" alt=\"\" srcset=\"https:\/\/monaghan.ie\/wp-content\/uploads\/2025\/02\/bylaw_icon.jpg 500w, https:\/\/monaghan.ie\/wp-content\/uploads\/2025\/02\/bylaw_icon-300x180.jpg 300w\" sizes=\"(max-width: 500px) 100vw, 500px\" \/><\/a><\/figure><div class=\"elementor-image-box-content\"><h3 class=\"elementor-image-box-title\"><a href=\"https:\/\/monaghan.ie\/corporateservices\/regulation-of-lobbying-act-2015\/\">An tAcht um Br\u00fastocaireacht a Rial\u00e1il <\/a><\/h3><\/div><\/div>\t\t\t\t<\/div>\n\t\t\t\t<\/div>\n\t\t\t\t<div class=\"elementor-element elementor-element-2b160444 columborder elementor-position-top elementor-repeater-item-none elementor-repeater-item-none_hover elementor-widget elementor-widget-image-box\" data-id=\"2b160444\" data-element_type=\"widget\" data-e-type=\"widget\" data-widget_type=\"image-box.default\">\n\t\t\t\t<div class=\"elementor-widget-container\">\n\t\t\t\t\t<div class=\"elementor-image-box-wrapper\"><figure class=\"elementor-image-box-img\"><a href=\"https:\/\/monaghan.ie\/public-notice-of-meeting\/\" target=\"_blank\" tabindex=\"-1\"><img loading=\"lazy\" decoding=\"async\" width=\"500\" height=\"300\" src=\"https:\/\/monaghan.ie\/wp-content\/uploads\/2025\/08\/Public-Notice-of-Meeting-1.png\" class=\"elementor-animation-shrink attachment-medium_large size-medium_large wp-image-251633\" alt=\"Image of Meeting room\" srcset=\"https:\/\/monaghan.ie\/wp-content\/uploads\/2025\/08\/Public-Notice-of-Meeting-1.png 500w, https:\/\/monaghan.ie\/wp-content\/uploads\/2025\/08\/Public-Notice-of-Meeting-1-300x180.png 300w, https:\/\/monaghan.ie\/wp-content\/uploads\/2025\/08\/Public-Notice-of-Meeting-1-18x12.png 18w\" sizes=\"(max-width: 500px) 100vw, 500px\" \/><\/a><\/figure><div class=\"elementor-image-box-content\"><h3 class=\"elementor-image-box-title\"><a href=\"https:\/\/monaghan.ie\/public-notice-of-meeting\/\" target=\"_blank\">Public Notice of Meeting <\/a><\/h3><\/div><\/div>\t\t\t\t<\/div>\n\t\t\t\t<\/div>\n\t\t\t\t<div class=\"elementor-element elementor-element-6edf8064 columborder elementor-position-top elementor-repeater-item-none elementor-repeater-item-none_hover elementor-widget elementor-widget-image-box\" data-id=\"6edf8064\" data-element_type=\"widget\" data-e-type=\"widget\" data-widget_type=\"image-box.default\">\n\t\t\t\t<div class=\"elementor-widget-container\">\n\t\t\t\t\t<div class=\"elementor-image-box-wrapper\"><figure class=\"elementor-image-box-img\"><a href=\"https:\/\/monaghan.ie\/news\/\" target=\"_blank\" tabindex=\"-1\"><img loading=\"lazy\" decoding=\"async\" width=\"500\" height=\"300\" src=\"https:\/\/monaghan.ie\/wp-content\/uploads\/2025\/02\/news_icon.jpg\" class=\"elementor-animation-shrink attachment-medium_large size-medium_large wp-image-21041\" alt=\"\" srcset=\"https:\/\/monaghan.ie\/wp-content\/uploads\/2025\/02\/news_icon.jpg 500w, https:\/\/monaghan.ie\/wp-content\/uploads\/2025\/02\/news_icon-300x180.jpg 300w\" sizes=\"(max-width: 500px) 100vw, 500px\" \/><\/a><\/figure><div class=\"elementor-image-box-content\"><h3 class=\"elementor-image-box-title\"><a href=\"https:\/\/monaghan.ie\/news\/\" target=\"_blank\">Nuacht<\/a><\/h3><\/div><\/div>\t\t\t\t<\/div>\n\t\t\t\t<\/div>\n\t\t\t\t<div class=\"elementor-element elementor-element-4c55c8a7 columborder elementor-position-top elementor-repeater-item-none elementor-repeater-item-none_hover elementor-widget elementor-widget-image-box\" data-id=\"4c55c8a7\" data-element_type=\"widget\" data-e-type=\"widget\" data-widget_type=\"image-box.default\">\n\t\t\t\t<div class=\"elementor-widget-container\">\n\t\t\t\t\t<div class=\"elementor-image-box-wrapper\"><figure class=\"elementor-image-box-img\"><a href=\"https:\/\/monaghan.ie\/publication-library\/\" target=\"_blank\" tabindex=\"-1\"><img loading=\"lazy\" decoding=\"async\" width=\"500\" height=\"300\" src=\"https:\/\/monaghan.ie\/wp-content\/uploads\/2025\/02\/access_to_information_icon.jpg\" class=\"elementor-animation-shrink attachment-medium_large size-medium_large wp-image-21040\" alt=\"\" srcset=\"https:\/\/monaghan.ie\/wp-content\/uploads\/2025\/02\/access_to_information_icon.jpg 500w, https:\/\/monaghan.ie\/wp-content\/uploads\/2025\/02\/access_to_information_icon-300x180.jpg 300w\" sizes=\"(max-width: 500px) 100vw, 500px\" \/><\/a><\/figure><div class=\"elementor-image-box-content\"><h3 class=\"elementor-image-box-title\"><a href=\"https:\/\/monaghan.ie\/publication-library\/\" target=\"_blank\">Foilseach\u00e1in<\/a><\/h3><\/div><\/div>\t\t\t\t<\/div>\n\t\t\t\t<\/div>\n\t\t\t\t<div class=\"elementor-element elementor-element-7b318c8 columborder elementor-position-top elementor-repeater-item-none elementor-repeater-item-none_hover elementor-widget elementor-widget-image-box\" data-id=\"7b318c8\" data-element_type=\"widget\" data-e-type=\"widget\" data-widget_type=\"image-box.default\">\n\t\t\t\t<div class=\"elementor-widget-container\">\n\t\t\t\t\t<div class=\"elementor-image-box-wrapper\"><figure class=\"elementor-image-box-img\"><a href=\"https:\/\/monaghan.ie\/register-of-electors\/\" target=\"_blank\" tabindex=\"-1\"><img loading=\"lazy\" decoding=\"async\" width=\"457\" height=\"287\" src=\"https:\/\/monaghan.ie\/wp-content\/uploads\/2025\/02\/Elections-e1731767049903.jpg\" class=\"elementor-animation-shrink attachment-medium_large size-medium_large wp-image-21039\" alt=\"\" srcset=\"https:\/\/monaghan.ie\/wp-content\/uploads\/2025\/02\/Elections-e1731767049903.jpg 457w, https:\/\/monaghan.ie\/wp-content\/uploads\/2025\/02\/Elections-e1731767049903-300x188.jpg 300w\" sizes=\"(max-width: 457px) 100vw, 457px\" \/><\/a><\/figure><div class=\"elementor-image-box-content\"><h3 class=\"elementor-image-box-title\"><a href=\"https:\/\/monaghan.ie\/register-of-electors\/\" target=\"_blank\">Toghch\u00e1in<\/a><\/h3><\/div><\/div>\t\t\t\t<\/div>\n\t\t\t\t<\/div>\n\t\t\t\t\t<\/div>\n\t\t\t\t<\/div>\n\t\t\t\t<\/div>","protected":false},"excerpt":{"rendered":"<p>Monaghan County Council is responsible for the delivery of wide range of services including the provision of infrastructure services that are necessary to the physical, economic, social and cultural life [&hellip;]<\/p>\n","protected":false},"author":1,"featured_media":0,"parent":0,"menu_order":0,"comment_status":"closed","ping_status":"closed","template":"","meta":{"_searchwp_excluded":"","footnotes":""},"class_list":["post-1740","page","type-page","status-publish","hentry"],"yoast_head":"<!-- This site is optimized with the Yoast SEO plugin v27.5 - https:\/\/yoast.com\/product\/yoast-seo-wordpress\/ -->\n<title>Your Council - Comhairle Contae Mhuineach\u00e1in<\/title>\n<meta name=\"robots\" content=\"index, follow, max-snippet:-1, max-image-preview:large, max-video-preview:-1\" \/>\n<link rel=\"canonical\" href=\"https:\/\/monaghan.ie\/ga\/your-council\/\" \/>\n<meta property=\"og:locale\" content=\"en_US\" \/>\n<meta property=\"og:type\" content=\"article\" \/>\n<meta property=\"og:title\" content=\"Your Council - Comhairle Contae Mhuineach\u00e1in\" \/>\n<meta property=\"og:description\" content=\"Monaghan County Council is responsible for the delivery of wide range of services including the provision of infrastructure services that are necessary to the physical, economic, social and cultural life [&hellip;]\" \/>\n<meta property=\"og:url\" content=\"https:\/\/monaghan.ie\/ga\/your-council\/\" \/>\n<meta property=\"og:site_name\" content=\"Comhairle Contae Mhuineach\u00e1in\" \/>\n<meta property=\"article:modified_time\" content=\"2025-08-26T10:33:20+00:00\" \/>\n<meta property=\"og:image\" content=\"https:\/\/monaghan.ie\/wp-content\/uploads\/2025\/02\/about_Monaghan_CoCo_icon.jpg\" \/>\n\t<meta property=\"og:image:width\" content=\"500\" \/>\n\t<meta property=\"og:image:height\" content=\"300\" \/>\n\t<meta property=\"og:image:type\" content=\"image\/jpeg\" \/>\n<meta name=\"twitter:card\" content=\"summary_large_image\" \/>\n<meta name=\"twitter:label1\" content=\"Est. reading time\" \/>\n\t<meta name=\"twitter:data1\" content=\"3 minutes\" \/>\n<script type=\"application\/ld+json\" class=\"yoast-schema-graph\">{\"@context\":\"https:\\\/\\\/schema.org\",\"@graph\":[{\"@type\":\"WebPage\",\"@id\":\"https:\\\/\\\/monaghan.ie\\\/your-council\\\/\",\"url\":\"https:\\\/\\\/monaghan.ie\\\/your-council\\\/\",\"name\":\"Your Council - Comhairle Contae Mhuineach\u00e1in\",\"isPartOf\":{\"@id\":\"https:\\\/\\\/monaghan.ie\\\/#website\"},\"primaryImageOfPage\":{\"@id\":\"https:\\\/\\\/monaghan.ie\\\/your-council\\\/#primaryimage\"},\"image\":{\"@id\":\"https:\\\/\\\/monaghan.ie\\\/your-council\\\/#primaryimage\"},\"thumbnailUrl\":\"https:\\\/\\\/monaghan.ie\\\/wp-content\\\/uploads\\\/2025\\\/02\\\/about_Monaghan_CoCo_icon.jpg\",\"datePublished\":\"2024-10-08T14:07:24+00:00\",\"dateModified\":\"2025-08-26T10:33:20+00:00\",\"breadcrumb\":{\"@id\":\"https:\\\/\\\/monaghan.ie\\\/your-council\\\/#breadcrumb\"},\"inLanguage\":\"ga\",\"potentialAction\":[{\"@type\":\"ReadAction\",\"target\":[\"https:\\\/\\\/monaghan.ie\\\/your-council\\\/\"]}]},{\"@type\":\"ImageObject\",\"inLanguage\":\"ga\",\"@id\":\"https:\\\/\\\/monaghan.ie\\\/your-council\\\/#primaryimage\",\"url\":\"https:\\\/\\\/monaghan.ie\\\/wp-content\\\/uploads\\\/2025\\\/02\\\/about_Monaghan_CoCo_icon.jpg\",\"contentUrl\":\"https:\\\/\\\/monaghan.ie\\\/wp-content\\\/uploads\\\/2025\\\/02\\\/about_Monaghan_CoCo_icon.jpg\"},{\"@type\":\"BreadcrumbList\",\"@id\":\"https:\\\/\\\/monaghan.ie\\\/your-council\\\/#breadcrumb\",\"itemListElement\":[{\"@type\":\"ListItem\",\"position\":1,\"name\":\"Home\",\"item\":\"https:\\\/\\\/monaghan.ie\\\/\"},{\"@type\":\"ListItem\",\"position\":2,\"name\":\"Your Council\"}]},{\"@type\":\"WebSite\",\"@id\":\"https:\\\/\\\/monaghan.ie\\\/#website\",\"url\":\"https:\\\/\\\/monaghan.ie\\\/\",\"name\":\"Comhairle Contae Mhuineach\u00e1in\",\"description\":\"Monaghan County Council\",\"potentialAction\":[{\"@type\":\"SearchAction\",\"target\":{\"@type\":\"EntryPoint\",\"urlTemplate\":\"https:\\\/\\\/monaghan.ie\\\/?s={search_term_string}\"},\"query-input\":{\"@type\":\"PropertyValueSpecification\",\"valueRequired\":true,\"valueName\":\"search_term_string\"}}],\"inLanguage\":\"ga\"}]}<\/script>\n<!-- \/ Yoast SEO plugin. -->","yoast_head_json":{"title":"Your Council - Comhairle Contae Mhuineach\u00e1in","robots":{"index":"index","follow":"follow","max-snippet":"max-snippet:-1","max-image-preview":"max-image-preview:large","max-video-preview":"max-video-preview:-1"},"canonical":"https:\/\/monaghan.ie\/ga\/your-council\/","og_locale":"en_US","og_type":"article","og_title":"Your Council - Comhairle Contae Mhuineach\u00e1in","og_description":"Monaghan County Council is responsible for the delivery of wide range of services including the provision of infrastructure services that are necessary to the physical, economic, social and cultural life [&hellip;]","og_url":"https:\/\/monaghan.ie\/ga\/your-council\/","og_site_name":"Comhairle Contae Mhuineach\u00e1in","article_modified_time":"2025-08-26T10:33:20+00:00","og_image":[{"width":500,"height":300,"url":"https:\/\/monaghan.ie\/wp-content\/uploads\/2025\/02\/about_Monaghan_CoCo_icon.jpg","type":"image\/jpeg"}],"twitter_card":"summary_large_image","twitter_misc":{"Est. reading time":"3 minutes"},"schema":{"@context":"https:\/\/schema.org","@graph":[{"@type":"WebPage","@id":"https:\/\/monaghan.ie\/your-council\/","url":"https:\/\/monaghan.ie\/your-council\/","name":"Your Council - Comhairle Contae Mhuineach\u00e1in","isPartOf":{"@id":"https:\/\/monaghan.ie\/#website"},"primaryImageOfPage":{"@id":"https:\/\/monaghan.ie\/your-council\/#primaryimage"},"image":{"@id":"https:\/\/monaghan.ie\/your-council\/#primaryimage"},"thumbnailUrl":"https:\/\/monaghan.ie\/wp-content\/uploads\/2025\/02\/about_Monaghan_CoCo_icon.jpg","datePublished":"2024-10-08T14:07:24+00:00","dateModified":"2025-08-26T10:33:20+00:00","breadcrumb":{"@id":"https:\/\/monaghan.ie\/your-council\/#breadcrumb"},"inLanguage":"ga","potentialAction":[{"@type":"ReadAction","target":["https:\/\/monaghan.ie\/your-council\/"]}]},{"@type":"ImageObject","inLanguage":"ga","@id":"https:\/\/monaghan.ie\/your-council\/#primaryimage","url":"https:\/\/monaghan.ie\/wp-content\/uploads\/2025\/02\/about_Monaghan_CoCo_icon.jpg","contentUrl":"https:\/\/monaghan.ie\/wp-content\/uploads\/2025\/02\/about_Monaghan_CoCo_icon.jpg"},{"@type":"BreadcrumbList","@id":"https:\/\/monaghan.ie\/your-council\/#breadcrumb","itemListElement":[{"@type":"ListItem","position":1,"name":"Home","item":"https:\/\/monaghan.ie\/"},{"@type":"ListItem","position":2,"name":"Your Council"}]},{"@type":"WebSite","@id":"https:\/\/monaghan.ie\/#website","url":"https:\/\/monaghan.ie\/","name":"Comhairle Contae Mhuineach\u00e1in","description":"L\u00edne Ghuth\u00e1in \u00c9igeand\u00e1la","potentialAction":[{"@type":"SearchAction","target":{"@type":"EntryPoint","urlTemplate":"https:\/\/monaghan.ie\/?s={search_term_string}"},"query-input":{"@type":"PropertyValueSpecification","valueRequired":true,"valueName":"search_term_string"}}],"inLanguage":"ga"}]}},"_links":{"self":[{"href":"https:\/\/monaghan.ie\/ga\/wp-json\/wp\/v2\/pages\/1740","targetHints":{"allow":["GET"]}}],"collection":[{"href":"https:\/\/monaghan.ie\/ga\/wp-json\/wp\/v2\/pages"}],"about":[{"href":"https:\/\/monaghan.ie\/ga\/wp-json\/wp\/v2\/types\/page"}],"author":[{"embeddable":true,"href":"https:\/\/monaghan.ie\/ga\/wp-json\/wp\/v2\/users\/1"}],"replies":[{"embeddable":true,"href":"https:\/\/monaghan.ie\/ga\/wp-json\/wp\/v2\/comments?post=1740"}],"version-history":[{"count":15,"href":"https:\/\/monaghan.ie\/ga\/wp-json\/wp\/v2\/pages\/1740\/revisions"}],"predecessor-version":[{"id":251667,"href":"https:\/\/monaghan.ie\/ga\/wp-json\/wp\/v2\/pages\/1740\/revisions\/251667"}],"wp:attachment":[{"href":"https:\/\/monaghan.ie\/ga\/wp-json\/wp\/v2\/media?parent=1740"}],"curies":[{"name":"wp","href":"https:\/\/api.w.org\/{rel}","templated":true}]}}