{"id":6650,"date":"2020-11-20T11:14:17","date_gmt":"2020-11-20T11:14:17","guid":{"rendered":"https:\/\/monaghan.ie\/?page_id=6650"},"modified":"2025-02-11T09:46:20","modified_gmt":"2025-02-11T09:46:20","slug":"business","status":"publish","type":"page","link":"https:\/\/monaghan.ie\/ga\/business\/","title":{"rendered":"Gn\u00f3"},"content":{"rendered":"<div data-elementor-type=\"wp-page\" data-elementor-id=\"6650\" class=\"elementor elementor-6650\" data-elementor-post-type=\"page\">\n\t\t\t\t<div class=\"elementor-element elementor-element-2c394ef8 e-flex e-con-boxed elementor-repeater-item-default_padding elementor-repeater-item-none elementor-repeater-item-none_hover e-con e-parent\" data-id=\"2c394ef8\" data-element_type=\"container\" data-e-type=\"container\" data-settings=\"{&quot;ang_container_spacing_size&quot;:&quot;default_padding&quot;}\">\n\t\t\t\t\t<div class=\"e-con-inner\">\n\t\t\t\t<div class=\"elementor-element elementor-element-284101d7 elementor-repeater-item-none elementor-repeater-item-none_hover elementor-widget elementor-widget-text-editor\" data-id=\"284101d7\" data-element_type=\"widget\" data-e-type=\"widget\" data-widget_type=\"text-editor.default\">\n\t\t\t\t<div class=\"elementor-widget-container\">\n\t\t\t\t\t\t\t\t\t<p>Is contae teorann \u00e9 Contae Mhuineach\u00e1in, at\u00e1 lonnaithe i r\u00e9igi\u00fan thoir thuaidh Phoblacht na h\u00c9ireann, a bhfuil daonra 65,288 aige agus a bhfuil traidisi\u00fan l\u00e1idir fiontra\u00edochta, earn\u00e1il bhr\u00edomhar FBManna d\u00fachasacha, caighde\u00e1n saoil den scoth agus meon l\u00e1idir pobail mar shaintr\u00e9ithe de.<\/p>\t\t\t\t\t\t\t\t<\/div>\n\t\t\t\t<\/div>\n\t\t<div class=\"elementor-element elementor-element-5f28f36e e-grid e-con-full elementor-repeater-item-default_padding elementor-repeater-item-none elementor-repeater-item-none_hover e-con e-child\" data-id=\"5f28f36e\" data-element_type=\"container\" data-e-type=\"container\" data-settings=\"{&quot;ang_container_spacing_size&quot;:&quot;default_padding&quot;}\">\n\t\t\t\t<div class=\"elementor-element elementor-element-6e5a36fc columborder elementor-position-top elementor-repeater-item-none elementor-repeater-item-none_hover elementor-widget elementor-widget-image-box\" data-id=\"6e5a36fc\" data-element_type=\"widget\" data-e-type=\"widget\" data-widget_type=\"image-box.default\">\n\t\t\t\t<div class=\"elementor-widget-container\">\n\t\t\t\t\t<div class=\"elementor-image-box-wrapper\"><figure class=\"elementor-image-box-img\"><a href=\"https:\/\/monaghan.ie\/about-us\/\" tabindex=\"-1\"><img fetchpriority=\"high\" decoding=\"async\" width=\"500\" height=\"300\" src=\"https:\/\/monaghan.ie\/wp-content\/uploads\/2025\/02\/about_Monaghan_CoCo_icon.jpg\" class=\"elementor-animation-shrink attachment-medium_large size-medium_large wp-image-21033\" alt=\"About Monaghan CoCo Icon.jpg\" srcset=\"https:\/\/monaghan.ie\/wp-content\/uploads\/2025\/02\/about_Monaghan_CoCo_icon.jpg 500w, https:\/\/monaghan.ie\/wp-content\/uploads\/2025\/02\/about_Monaghan_CoCo_icon-300x180.jpg 300w\" sizes=\"(max-width: 500px) 100vw, 500px\" \/><\/a><\/figure><div class=\"elementor-image-box-content\"><h3 class=\"elementor-image-box-title\"><a href=\"https:\/\/monaghan.ie\/about-us\/\">Maidir Linne<\/a><\/h3><\/div><\/div>\t\t\t\t<\/div>\n\t\t\t\t<\/div>\n\t\t\t\t<div class=\"elementor-element elementor-element-1883dce1 columborder elementor-position-top elementor-repeater-item-none elementor-repeater-item-none_hover elementor-widget elementor-widget-image-box\" data-id=\"1883dce1\" data-element_type=\"widget\" data-e-type=\"widget\" data-widget_type=\"image-box.default\">\n\t\t\t\t<div class=\"elementor-widget-container\">\n\t\t\t\t\t<div class=\"elementor-image-box-wrapper\"><figure class=\"elementor-image-box-img\"><a href=\"https:\/\/www.localenterprise.ie\/monaghan\" target=\"_blank\" tabindex=\"-1\"><img decoding=\"async\" width=\"500\" height=\"300\" src=\"https:\/\/monaghan.ie\/wp-content\/uploads\/2025\/02\/leo_icon-1.png\" class=\"elementor-animation-shrink attachment-medium_large size-medium_large wp-image-21232\" alt=\"Local Enterprise\" srcset=\"https:\/\/monaghan.ie\/wp-content\/uploads\/2025\/02\/leo_icon-1.png 500w, https:\/\/monaghan.ie\/wp-content\/uploads\/2025\/02\/leo_icon-1-300x180.png 300w\" sizes=\"(max-width: 500px) 100vw, 500px\" \/><\/a><\/figure><div class=\"elementor-image-box-content\"><h3 class=\"elementor-image-box-title\"><a href=\"https:\/\/www.localenterprise.ie\/monaghan\" target=\"_blank\">Fiontra\u00edocht \u00c1iti\u00fail <\/a><\/h3><\/div><\/div>\t\t\t\t<\/div>\n\t\t\t\t<\/div>\n\t\t\t\t<div class=\"elementor-element elementor-element-3ff96297 columborder elementor-position-top elementor-repeater-item-none elementor-repeater-item-none_hover elementor-widget elementor-widget-image-box\" data-id=\"3ff96297\" data-element_type=\"widget\" data-e-type=\"widget\" data-widget_type=\"image-box.default\">\n\t\t\t\t<div class=\"elementor-widget-container\">\n\t\t\t\t\t<div class=\"elementor-image-box-wrapper\"><figure class=\"elementor-image-box-img\"><a href=\"https:\/\/www.monaghanbusiness.com\/\" target=\"_blank\" tabindex=\"-1\"><img decoding=\"async\" width=\"500\" height=\"300\" src=\"https:\/\/monaghan.ie\/wp-content\/uploads\/2025\/02\/more_to_monaghan_icon.png\" class=\"elementor-animation-shrink attachment-medium_large size-medium_large wp-image-21233\" alt=\"Business in Monaghan\" srcset=\"https:\/\/monaghan.ie\/wp-content\/uploads\/2025\/02\/more_to_monaghan_icon.png 500w, https:\/\/monaghan.ie\/wp-content\/uploads\/2025\/02\/more_to_monaghan_icon-300x180.png 300w\" sizes=\"(max-width: 500px) 100vw, 500px\" \/><\/a><\/figure><div class=\"elementor-image-box-content\"><h3 class=\"elementor-image-box-title\"><a href=\"https:\/\/www.monaghanbusiness.com\/\" target=\"_blank\">Fiontra\u00edocht \u00c1iti\u00fail <\/a><\/h3><\/div><\/div>\t\t\t\t<\/div>\n\t\t\t\t<\/div>\n\t\t\t\t<div class=\"elementor-element elementor-element-1f697728 columborder elementor-position-top elementor-repeater-item-none elementor-repeater-item-none_hover elementor-widget elementor-widget-image-box\" data-id=\"1f697728\" data-element_type=\"widget\" data-e-type=\"widget\" data-widget_type=\"image-box.default\">\n\t\t\t\t<div class=\"elementor-widget-container\">\n\t\t\t\t\t<div class=\"elementor-image-box-wrapper\"><figure class=\"elementor-image-box-img\"><a href=\"http:\/\/enterprisingmonaghan.ie\/\" target=\"_blank\" tabindex=\"-1\"><img loading=\"lazy\" decoding=\"async\" width=\"500\" height=\"300\" src=\"https:\/\/monaghan.ie\/wp-content\/uploads\/2025\/02\/enterprising_monaghan_icon.jpg\" class=\"elementor-animation-shrink attachment-medium_large size-medium_large wp-image-21234\" alt=\"Enterprising Monaghan\" srcset=\"https:\/\/monaghan.ie\/wp-content\/uploads\/2025\/02\/enterprising_monaghan_icon.jpg 500w, https:\/\/monaghan.ie\/wp-content\/uploads\/2025\/02\/enterprising_monaghan_icon-300x180.jpg 300w\" sizes=\"(max-width: 500px) 100vw, 500px\" \/><\/a><\/figure><div class=\"elementor-image-box-content\"><h3 class=\"elementor-image-box-title\"><a href=\"http:\/\/enterprisingmonaghan.ie\/\" target=\"_blank\">Muineach\u00e1n Fiontra\u00edoch<\/a><\/h3><\/div><\/div>\t\t\t\t<\/div>\n\t\t\t\t<\/div>\n\t\t\t\t<div class=\"elementor-element elementor-element-6c1d2373 columborder elementor-position-top elementor-repeater-item-none elementor-repeater-item-none_hover elementor-widget elementor-widget-image-box\" data-id=\"6c1d2373\" data-element_type=\"widget\" data-e-type=\"widget\" data-widget_type=\"image-box.default\">\n\t\t\t\t<div class=\"elementor-widget-container\">\n\t\t\t\t\t<div class=\"elementor-image-box-wrapper\"><figure class=\"elementor-image-box-img\"><a href=\"https:\/\/monaghan.ie\/shop-local\/\" tabindex=\"-1\"><img loading=\"lazy\" decoding=\"async\" width=\"500\" height=\"300\" src=\"https:\/\/monaghan.ie\/wp-content\/uploads\/2025\/02\/shop_local_icon.png\" class=\"elementor-animation-shrink attachment-medium_large size-medium_large wp-image-21235\" alt=\"Shop Local\" srcset=\"https:\/\/monaghan.ie\/wp-content\/uploads\/2025\/02\/shop_local_icon.png 500w, https:\/\/monaghan.ie\/wp-content\/uploads\/2025\/02\/shop_local_icon-300x180.png 300w\" sizes=\"(max-width: 500px) 100vw, 500px\" \/><\/a><\/figure><div class=\"elementor-image-box-content\"><h3 class=\"elementor-image-box-title\"><a href=\"https:\/\/monaghan.ie\/shop-local\/\">D\u00e9an Siopad\u00f3ireacht go h\u00c1iti\u00fail <\/a><\/h3><\/div><\/div>\t\t\t\t<\/div>\n\t\t\t\t<\/div>\n\t\t\t\t<\/div>\n\t\t\t\t\t<\/div>\n\t\t\t\t<\/div>\n\t\t\t\t<\/div>","protected":false},"excerpt":{"rendered":"<p>Located in the north-eastern region of the Republic of Ireland, County Monaghan is a border county with a population of 65,288 characterised by a strong entrepreneurial tradition, a vibrant indigenous [&hellip;]<\/p>\n","protected":false},"author":1,"featured_media":0,"parent":0,"menu_order":0,"comment_status":"closed","ping_status":"closed","template":"","meta":{"_searchwp_excluded":"","footnotes":""},"class_list":["post-6650","page","type-page","status-publish","hentry"],"yoast_head":"<!-- This site is optimized with the Yoast SEO plugin v27.5 - https:\/\/yoast.com\/product\/yoast-seo-wordpress\/ -->\n<title>Business - Comhairle Contae Mhuineach\u00e1in<\/title>\n<meta name=\"robots\" content=\"index, follow, max-snippet:-1, max-image-preview:large, max-video-preview:-1\" \/>\n<link rel=\"canonical\" href=\"https:\/\/monaghan.ie\/ga\/business\/\" \/>\n<meta property=\"og:locale\" content=\"en_US\" \/>\n<meta property=\"og:type\" content=\"article\" \/>\n<meta property=\"og:title\" content=\"Business - Comhairle Contae Mhuineach\u00e1in\" \/>\n<meta property=\"og:description\" content=\"Located in the north-eastern region of the Republic of Ireland, County Monaghan is a border county with a population of 65,288 characterised by a strong entrepreneurial tradition, a vibrant indigenous [&hellip;]\" \/>\n<meta property=\"og:url\" content=\"https:\/\/monaghan.ie\/ga\/business\/\" \/>\n<meta property=\"og:site_name\" content=\"Comhairle Contae Mhuineach\u00e1in\" \/>\n<meta property=\"article:modified_time\" content=\"2025-02-11T09:46:20+00:00\" \/>\n<meta property=\"og:image\" content=\"https:\/\/monaghan.ie\/wp-content\/uploads\/2025\/02\/about_Monaghan_CoCo_icon.jpg\" \/>\n\t<meta property=\"og:image:width\" content=\"500\" \/>\n\t<meta property=\"og:image:height\" content=\"300\" \/>\n\t<meta property=\"og:image:type\" content=\"image\/jpeg\" \/>\n<meta name=\"twitter:card\" content=\"summary_large_image\" \/>\n<meta name=\"twitter:label1\" content=\"Est. reading time\" \/>\n\t<meta name=\"twitter:data1\" content=\"2 minutes\" \/>\n<script type=\"application\/ld+json\" class=\"yoast-schema-graph\">{\"@context\":\"https:\\\/\\\/schema.org\",\"@graph\":[{\"@type\":\"WebPage\",\"@id\":\"https:\\\/\\\/monaghan.ie\\\/business\\\/\",\"url\":\"https:\\\/\\\/monaghan.ie\\\/business\\\/\",\"name\":\"Business - Comhairle Contae Mhuineach\u00e1in\",\"isPartOf\":{\"@id\":\"https:\\\/\\\/monaghan.ie\\\/#website\"},\"primaryImageOfPage\":{\"@id\":\"https:\\\/\\\/monaghan.ie\\\/business\\\/#primaryimage\"},\"image\":{\"@id\":\"https:\\\/\\\/monaghan.ie\\\/business\\\/#primaryimage\"},\"thumbnailUrl\":\"https:\\\/\\\/monaghan.ie\\\/wp-content\\\/uploads\\\/2025\\\/02\\\/about_Monaghan_CoCo_icon.jpg\",\"datePublished\":\"2020-11-20T11:14:17+00:00\",\"dateModified\":\"2025-02-11T09:46:20+00:00\",\"breadcrumb\":{\"@id\":\"https:\\\/\\\/monaghan.ie\\\/business\\\/#breadcrumb\"},\"inLanguage\":\"ga\",\"potentialAction\":[{\"@type\":\"ReadAction\",\"target\":[\"https:\\\/\\\/monaghan.ie\\\/business\\\/\"]}]},{\"@type\":\"ImageObject\",\"inLanguage\":\"ga\",\"@id\":\"https:\\\/\\\/monaghan.ie\\\/business\\\/#primaryimage\",\"url\":\"https:\\\/\\\/monaghan.ie\\\/wp-content\\\/uploads\\\/2025\\\/02\\\/about_Monaghan_CoCo_icon.jpg\",\"contentUrl\":\"https:\\\/\\\/monaghan.ie\\\/wp-content\\\/uploads\\\/2025\\\/02\\\/about_Monaghan_CoCo_icon.jpg\"},{\"@type\":\"BreadcrumbList\",\"@id\":\"https:\\\/\\\/monaghan.ie\\\/business\\\/#breadcrumb\",\"itemListElement\":[{\"@type\":\"ListItem\",\"position\":1,\"name\":\"Home\",\"item\":\"https:\\\/\\\/monaghan.ie\\\/\"},{\"@type\":\"ListItem\",\"position\":2,\"name\":\"Business\"}]},{\"@type\":\"WebSite\",\"@id\":\"https:\\\/\\\/monaghan.ie\\\/#website\",\"url\":\"https:\\\/\\\/monaghan.ie\\\/\",\"name\":\"Comhairle Contae Mhuineach\u00e1in\",\"description\":\"Monaghan County Council\",\"potentialAction\":[{\"@type\":\"SearchAction\",\"target\":{\"@type\":\"EntryPoint\",\"urlTemplate\":\"https:\\\/\\\/monaghan.ie\\\/?s={search_term_string}\"},\"query-input\":{\"@type\":\"PropertyValueSpecification\",\"valueRequired\":true,\"valueName\":\"search_term_string\"}}],\"inLanguage\":\"ga\"}]}<\/script>\n<!-- \/ Yoast SEO plugin. -->","yoast_head_json":{"title":"Business - Comhairle Contae Mhuineach\u00e1in","robots":{"index":"index","follow":"follow","max-snippet":"max-snippet:-1","max-image-preview":"max-image-preview:large","max-video-preview":"max-video-preview:-1"},"canonical":"https:\/\/monaghan.ie\/ga\/business\/","og_locale":"en_US","og_type":"article","og_title":"Business - Comhairle Contae Mhuineach\u00e1in","og_description":"Located in the north-eastern region of the Republic of Ireland, County Monaghan is a border county with a population of 65,288 characterised by a strong entrepreneurial tradition, a vibrant indigenous [&hellip;]","og_url":"https:\/\/monaghan.ie\/ga\/business\/","og_site_name":"Comhairle Contae Mhuineach\u00e1in","article_modified_time":"2025-02-11T09:46:20+00:00","og_image":[{"width":500,"height":300,"url":"https:\/\/monaghan.ie\/wp-content\/uploads\/2025\/02\/about_Monaghan_CoCo_icon.jpg","type":"image\/jpeg"}],"twitter_card":"summary_large_image","twitter_misc":{"Est. reading time":"2 minutes"},"schema":{"@context":"https:\/\/schema.org","@graph":[{"@type":"WebPage","@id":"https:\/\/monaghan.ie\/business\/","url":"https:\/\/monaghan.ie\/business\/","name":"Business - Comhairle Contae Mhuineach\u00e1in","isPartOf":{"@id":"https:\/\/monaghan.ie\/#website"},"primaryImageOfPage":{"@id":"https:\/\/monaghan.ie\/business\/#primaryimage"},"image":{"@id":"https:\/\/monaghan.ie\/business\/#primaryimage"},"thumbnailUrl":"https:\/\/monaghan.ie\/wp-content\/uploads\/2025\/02\/about_Monaghan_CoCo_icon.jpg","datePublished":"2020-11-20T11:14:17+00:00","dateModified":"2025-02-11T09:46:20+00:00","breadcrumb":{"@id":"https:\/\/monaghan.ie\/business\/#breadcrumb"},"inLanguage":"ga","potentialAction":[{"@type":"ReadAction","target":["https:\/\/monaghan.ie\/business\/"]}]},{"@type":"ImageObject","inLanguage":"ga","@id":"https:\/\/monaghan.ie\/business\/#primaryimage","url":"https:\/\/monaghan.ie\/wp-content\/uploads\/2025\/02\/about_Monaghan_CoCo_icon.jpg","contentUrl":"https:\/\/monaghan.ie\/wp-content\/uploads\/2025\/02\/about_Monaghan_CoCo_icon.jpg"},{"@type":"BreadcrumbList","@id":"https:\/\/monaghan.ie\/business\/#breadcrumb","itemListElement":[{"@type":"ListItem","position":1,"name":"Home","item":"https:\/\/monaghan.ie\/"},{"@type":"ListItem","position":2,"name":"Business"}]},{"@type":"WebSite","@id":"https:\/\/monaghan.ie\/#website","url":"https:\/\/monaghan.ie\/","name":"Comhairle Contae Mhuineach\u00e1in","description":"L\u00edne Ghuth\u00e1in \u00c9igeand\u00e1la","potentialAction":[{"@type":"SearchAction","target":{"@type":"EntryPoint","urlTemplate":"https:\/\/monaghan.ie\/?s={search_term_string}"},"query-input":{"@type":"PropertyValueSpecification","valueRequired":true,"valueName":"search_term_string"}}],"inLanguage":"ga"}]}},"_links":{"self":[{"href":"https:\/\/monaghan.ie\/ga\/wp-json\/wp\/v2\/pages\/6650","targetHints":{"allow":["GET"]}}],"collection":[{"href":"https:\/\/monaghan.ie\/ga\/wp-json\/wp\/v2\/pages"}],"about":[{"href":"https:\/\/monaghan.ie\/ga\/wp-json\/wp\/v2\/types\/page"}],"author":[{"embeddable":true,"href":"https:\/\/monaghan.ie\/ga\/wp-json\/wp\/v2\/users\/1"}],"replies":[{"embeddable":true,"href":"https:\/\/monaghan.ie\/ga\/wp-json\/wp\/v2\/comments?post=6650"}],"version-history":[{"count":13,"href":"https:\/\/monaghan.ie\/ga\/wp-json\/wp\/v2\/pages\/6650\/revisions"}],"predecessor-version":[{"id":21420,"href":"https:\/\/monaghan.ie\/ga\/wp-json\/wp\/v2\/pages\/6650\/revisions\/21420"}],"wp:attachment":[{"href":"https:\/\/monaghan.ie\/ga\/wp-json\/wp\/v2\/media?parent=6650"}],"curies":[{"name":"wp","href":"https:\/\/api.w.org\/{rel}","templated":true}]}}