{"id":19,"date":"2016-12-02T15:21:35","date_gmt":"2016-12-02T15:21:35","guid":{"rendered":"http:\/\/monaghan.ie\/waterservices\/?page_id=19"},"modified":"2025-02-06T09:20:45","modified_gmt":"2025-02-06T09:20:45","slug":"uisce-eireann","status":"publish","type":"page","link":"https:\/\/monaghan.ie\/waterservices\/uisce-eireann\/","title":{"rendered":"Uisce \u00c9ireann"},"content":{"rendered":"\t\t<div data-elementor-type=\"wp-page\" data-elementor-id=\"19\" class=\"elementor elementor-19\" data-elementor-post-type=\"page\">\n\t\t\t\t<div class=\"elementor-element elementor-element-e26f34 e-flex e-con-boxed elementor-repeater-item-default_padding elementor-repeater-item-none elementor-repeater-item-none_hover e-con e-parent\" data-id=\"e26f34\" data-element_type=\"container\" data-e-type=\"container\" data-settings=\"{&quot;ang_container_spacing_size&quot;:&quot;default_padding&quot;}\">\n\t\t\t\t\t<div class=\"e-con-inner\">\n\t\t\t\t<div class=\"elementor-element elementor-element-6bb87c6 elementor-repeater-item-none elementor-repeater-item-none_hover elementor-widget elementor-widget-heading\" data-id=\"6bb87c6\" data-element_type=\"widget\" data-e-type=\"widget\" data-widget_type=\"heading.default\">\n\t\t\t\t<div class=\"elementor-widget-container\">\n\t\t\t\t\t<h2 class=\"elementor-heading-title elementor-size-default\">Uisce \u00c9ireann is your contact for Public Water Services<\/h2>\t\t\t\t<\/div>\n\t\t\t\t<\/div>\n\t\t\t\t<div class=\"elementor-element elementor-element-413bed3 elementor-repeater-item-none elementor-repeater-item-none_hover elementor-widget elementor-widget-text-editor\" data-id=\"413bed3\" data-element_type=\"widget\" data-e-type=\"widget\" data-widget_type=\"text-editor.default\">\n\t\t\t\t<div class=\"elementor-widget-container\">\n\t\t\t\t\t\t\t\t\t<p><a href=\"https:\/\/www.water.ie\" target=\"_blank\" rel=\"noopener\"><img fetchpriority=\"high\" decoding=\"async\" class=\"alignright wp-image-3973 size-medium\" src=\"http:\/\/monaghan.ie\/waterservices\/wp-content\/uploads\/sites\/17\/2024\/11\/Uisce-Eireann-Logo-300x180.jpg\" alt=\"Uisce-Eireann-Logo\" width=\"300\" height=\"180\" \/><\/a>Uisce \u00c9ireann is the new national water utility responsible for the delivery of water services to homes and businesses in Ireland. Please contact Uisce \u00c9ireann\u00a0 for more information, or to report an issue with:<\/p><ul><li><strong>Water supply<\/strong><\/li><li><strong>Water quality<\/strong><\/li><li><strong>Wastewater<\/strong><\/li><\/ul>\t\t\t\t\t\t\t\t<\/div>\n\t\t\t\t<\/div>\n\t\t\t\t<div class=\"elementor-element elementor-element-56623d1 elementor-repeater-item-none elementor-repeater-item-none_hover elementor-widget elementor-widget-text-editor\" data-id=\"56623d1\" data-element_type=\"widget\" data-e-type=\"widget\" data-widget_type=\"text-editor.default\">\n\t\t\t\t<div class=\"elementor-widget-container\">\n\t\t\t\t\t\t\t\t\t<p>The contact details for Uisce \u00c9ireann are:<\/p><p>Web:\u00a0<strong><a href=\"https:\/\/www.water.ie\" target=\"_blank\" rel=\"noopener noreferrer\">www.water.ie<\/a><\/strong><\/p><p>X: <strong>@IrishWater<\/strong><\/p><p>Telephone:\u00a0<strong>1800 278 278<\/strong><\/p><p>Address: <strong>Uisce \u00c9ireann, <\/strong><strong>PO Box 860,\u00a0<\/strong><strong>South City\u00a0<\/strong><strong>Delivery Office,\u00a0<\/strong><strong>Cork City, Co. Cork.<\/strong><\/p>\t\t\t\t\t\t\t\t<\/div>\n\t\t\t\t<\/div>\n\t\t\t\t<div class=\"elementor-element elementor-element-50189e6 elementor-repeater-item-none elementor-repeater-item-none_hover elementor-widget elementor-widget-heading\" data-id=\"50189e6\" data-element_type=\"widget\" data-e-type=\"widget\" data-widget_type=\"heading.default\">\n\t\t\t\t<div class=\"elementor-widget-container\">\n\t\t\t\t\t<h4 class=\"elementor-heading-title elementor-size-default\">Safeguarding your water for your future<\/h4>\t\t\t\t<\/div>\n\t\t\t\t<\/div>\n\t\t\t\t<div class=\"elementor-element elementor-element-e13839d elementor-repeater-item-none elementor-repeater-item-none_hover elementor-widget elementor-widget-text-editor\" data-id=\"e13839d\" data-element_type=\"widget\" data-e-type=\"widget\" data-widget_type=\"text-editor.default\">\n\t\t\t\t<div class=\"elementor-widget-container\">\n\t\t\t\t\t\t\t\t\t<p>Please continue to contact Monaghan County Council for information or issues relating to surface water drainage and flood management.<\/p>\t\t\t\t\t\t\t\t<\/div>\n\t\t\t\t<\/div>\n\t\t\t\t\t<\/div>\n\t\t\t\t<\/div>\n\t\t<div class=\"elementor-element elementor-element-70595a8 e-flex e-con-boxed elementor-repeater-item-default_padding elementor-repeater-item-none elementor-repeater-item-none_hover e-con e-parent\" data-id=\"70595a8\" data-element_type=\"container\" data-e-type=\"container\" data-settings=\"{&quot;ang_container_spacing_size&quot;:&quot;default_padding&quot;}\">\n\t\t\t\t\t<div class=\"e-con-inner\">\n\t\t\t\t<div class=\"elementor-element elementor-element-0d9b7f1 elementor-repeater-item-none elementor-repeater-item-none_hover elementor-widget elementor-widget-heading\" data-id=\"0d9b7f1\" data-element_type=\"widget\" data-e-type=\"widget\" data-widget_type=\"heading.default\">\n\t\t\t\t<div class=\"elementor-widget-container\">\n\t\t\t\t\t<h3 class=\"elementor-heading-title elementor-size-default\">For all Business Water Services Queries<\/h3>\t\t\t\t<\/div>\n\t\t\t\t<\/div>\n\t\t\t\t<div class=\"elementor-element elementor-element-e3094d4 elementor-repeater-item-none elementor-repeater-item-none_hover elementor-widget elementor-widget-text-editor\" data-id=\"e3094d4\" data-element_type=\"widget\" data-e-type=\"widget\" data-widget_type=\"text-editor.default\">\n\t\t\t\t<div class=\"elementor-widget-container\">\n\t\t\t\t\t\t\t\t\t<p>Uisce \u00c9ireann has now taken over direct responsibility for all business water services queries, including customer account management and billing.<\/p><p>&gt; There are no changes to your charges or billing frequency.<br \/>&gt; Uisce \u00c9ireann\u00a0 will now issue your water services bill.<br \/>&gt; From now, please make all payments to Uisce \u00c9ireann.<\/p><p>If you have questions about your account or water services, please contact Uisce \u00c9ireann.<\/p><p>Web: <strong><a href=\"https:\/\/www.water.ie\/business\" target=\"_blank\" rel=\"noopener noreferrer\">www.water.ie\/business<\/a><\/strong><\/p><p>X: <strong>@IWCare<\/strong><\/p><p>Boards: <strong><a href=\"https:\/\/www.boards.ie\/irishwater\" target=\"_blank\" rel=\"noopener noreferrer\">www.boards.ie\/irishwater<\/a><\/strong><\/p><p>Email: <strong><a href=\"mailto:business@water.ie\">business@water.ie <\/a><\/strong><\/p>\t\t\t\t\t\t\t\t<\/div>\n\t\t\t\t<\/div>\n\t\t\t\t<div class=\"elementor-element elementor-element-badf0e8 elementor-repeater-item-none elementor-repeater-item-none_hover elementor-widget elementor-widget-text-editor\" data-id=\"badf0e8\" data-element_type=\"widget\" data-e-type=\"widget\" data-widget_type=\"text-editor.default\">\n\t\t\t\t<div class=\"elementor-widget-container\">\n\t\t\t\t\t\t\t\t\t<p>Uisce \u00c9ireann, PO Box 448, South City Delivery Office, Cork City, Co. Cork.<\/p><p>General enquires, including billing, payments and customer service<\/p><p>Telephone: <strong>0818 778 778 or + 353 1 707 2827 (9am-5.30pm, Mon-Fri)<\/strong><\/p><p>Water supply and emergencies<br \/>Telephone: <strong>1800 278 278 or + 353 1 707 2828 (24 hours a day, 7 days a week)<\/strong><\/p>\t\t\t\t\t\t\t\t<\/div>\n\t\t\t\t<\/div>\n\t\t\t\t\t<\/div>\n\t\t\t\t<\/div>\n\t\t\t\t<\/div>\n\t\t","protected":false},"excerpt":{"rendered":"<p>Uisce \u00c9ireann is your contact for Public Water Services Uisce \u00c9ireann is the new national water utility responsible for the delivery of water services to homes and businesses in Ireland. [&hellip;]<\/p>\n","protected":false},"author":1,"featured_media":0,"parent":0,"menu_order":0,"comment_status":"closed","ping_status":"closed","template":"","meta":{"_searchwp_excluded":"","footnotes":""},"class_list":["post-19","page","type-page","status-publish","hentry"],"yoast_head":"<!-- This site is optimized with the Yoast SEO plugin v27.2 - https:\/\/yoast.com\/product\/yoast-seo-wordpress\/ -->\n<title>Uisce \u00c9ireann - Water Services<\/title>\n<meta name=\"robots\" content=\"index, follow, max-snippet:-1, max-image-preview:large, max-video-preview:-1\" \/>\n<link rel=\"canonical\" href=\"https:\/\/monaghan.ie\/waterservices\/uisce-eireann\/\" \/>\n<meta property=\"og:locale\" content=\"en_GB\" \/>\n<meta property=\"og:type\" content=\"article\" \/>\n<meta property=\"og:title\" content=\"Uisce \u00c9ireann - Water Services\" \/>\n<meta property=\"og:description\" content=\"Uisce \u00c9ireann is your contact for Public Water Services Uisce \u00c9ireann is the new national water utility responsible for the delivery of water services to homes and businesses in Ireland. [&hellip;]\" \/>\n<meta property=\"og:url\" content=\"https:\/\/monaghan.ie\/waterservices\/uisce-eireann\/\" \/>\n<meta property=\"og:site_name\" content=\"Water Services\" \/>\n<meta property=\"article:modified_time\" content=\"2025-02-06T09:20:45+00:00\" \/>\n<meta property=\"og:image\" content=\"http:\/\/monaghan.ie\/waterservices\/wp-content\/uploads\/sites\/17\/2024\/11\/Uisce-Eireann-Logo-300x180.jpg\" \/>\n<meta name=\"twitter:card\" content=\"summary_large_image\" \/>\n<meta name=\"twitter:label1\" content=\"Estimated reading time\" \/>\n\t<meta name=\"twitter:data1\" content=\"2 minutes\" \/>\n<script type=\"application\/ld+json\" class=\"yoast-schema-graph\">{\"@context\":\"https:\/\/schema.org\",\"@graph\":[{\"@type\":\"WebPage\",\"@id\":\"https:\/\/monaghan.ie\/waterservices\/uisce-eireann\/\",\"url\":\"https:\/\/monaghan.ie\/waterservices\/uisce-eireann\/\",\"name\":\"Uisce \u00c9ireann - Water Services\",\"isPartOf\":{\"@id\":\"https:\/\/monaghan.ie\/waterservices\/#website\"},\"primaryImageOfPage\":{\"@id\":\"https:\/\/monaghan.ie\/waterservices\/uisce-eireann\/#primaryimage\"},\"image\":{\"@id\":\"https:\/\/monaghan.ie\/waterservices\/uisce-eireann\/#primaryimage\"},\"thumbnailUrl\":\"http:\/\/monaghan.ie\/waterservices\/wp-content\/uploads\/sites\/17\/2024\/11\/Uisce-Eireann-Logo-300x180.jpg\",\"datePublished\":\"2016-12-02T15:21:35+00:00\",\"dateModified\":\"2025-02-06T09:20:45+00:00\",\"breadcrumb\":{\"@id\":\"https:\/\/monaghan.ie\/waterservices\/uisce-eireann\/#breadcrumb\"},\"inLanguage\":\"en-GB\",\"potentialAction\":[{\"@type\":\"ReadAction\",\"target\":[\"https:\/\/monaghan.ie\/waterservices\/uisce-eireann\/\"]}]},{\"@type\":\"ImageObject\",\"inLanguage\":\"en-GB\",\"@id\":\"https:\/\/monaghan.ie\/waterservices\/uisce-eireann\/#primaryimage\",\"url\":\"http:\/\/monaghan.ie\/waterservices\/wp-content\/uploads\/sites\/17\/2024\/11\/Uisce-Eireann-Logo-300x180.jpg\",\"contentUrl\":\"http:\/\/monaghan.ie\/waterservices\/wp-content\/uploads\/sites\/17\/2024\/11\/Uisce-Eireann-Logo-300x180.jpg\"},{\"@type\":\"BreadcrumbList\",\"@id\":\"https:\/\/monaghan.ie\/waterservices\/uisce-eireann\/#breadcrumb\",\"itemListElement\":[{\"@type\":\"ListItem\",\"position\":1,\"name\":\"Home\",\"item\":\"https:\/\/monaghan.ie\/waterservices\/\"},{\"@type\":\"ListItem\",\"position\":2,\"name\":\"Uisce \u00c9ireann\"}]},{\"@type\":\"WebSite\",\"@id\":\"https:\/\/monaghan.ie\/waterservices\/#website\",\"url\":\"https:\/\/monaghan.ie\/waterservices\/\",\"name\":\"Water Services\",\"description\":\"Monaghan County Council\",\"potentialAction\":[{\"@type\":\"SearchAction\",\"target\":{\"@type\":\"EntryPoint\",\"urlTemplate\":\"https:\/\/monaghan.ie\/waterservices\/?s={search_term_string}\"},\"query-input\":{\"@type\":\"PropertyValueSpecification\",\"valueRequired\":true,\"valueName\":\"search_term_string\"}}],\"inLanguage\":\"en-GB\"}]}<\/script>\n<!-- \/ Yoast SEO plugin. -->","yoast_head_json":{"title":"Uisce \u00c9ireann - Water Services","robots":{"index":"index","follow":"follow","max-snippet":"max-snippet:-1","max-image-preview":"max-image-preview:large","max-video-preview":"max-video-preview:-1"},"canonical":"https:\/\/monaghan.ie\/waterservices\/uisce-eireann\/","og_locale":"en_GB","og_type":"article","og_title":"Uisce \u00c9ireann - Water Services","og_description":"Uisce \u00c9ireann is your contact for Public Water Services Uisce \u00c9ireann is the new national water utility responsible for the delivery of water services to homes and businesses in Ireland. [&hellip;]","og_url":"https:\/\/monaghan.ie\/waterservices\/uisce-eireann\/","og_site_name":"Water Services","article_modified_time":"2025-02-06T09:20:45+00:00","og_image":[{"url":"http:\/\/monaghan.ie\/waterservices\/wp-content\/uploads\/sites\/17\/2024\/11\/Uisce-Eireann-Logo-300x180.jpg","type":"","width":"","height":""}],"twitter_card":"summary_large_image","twitter_misc":{"Estimated reading time":"2 minutes"},"schema":{"@context":"https:\/\/schema.org","@graph":[{"@type":"WebPage","@id":"https:\/\/monaghan.ie\/waterservices\/uisce-eireann\/","url":"https:\/\/monaghan.ie\/waterservices\/uisce-eireann\/","name":"Uisce \u00c9ireann - Water Services","isPartOf":{"@id":"https:\/\/monaghan.ie\/waterservices\/#website"},"primaryImageOfPage":{"@id":"https:\/\/monaghan.ie\/waterservices\/uisce-eireann\/#primaryimage"},"image":{"@id":"https:\/\/monaghan.ie\/waterservices\/uisce-eireann\/#primaryimage"},"thumbnailUrl":"http:\/\/monaghan.ie\/waterservices\/wp-content\/uploads\/sites\/17\/2024\/11\/Uisce-Eireann-Logo-300x180.jpg","datePublished":"2016-12-02T15:21:35+00:00","dateModified":"2025-02-06T09:20:45+00:00","breadcrumb":{"@id":"https:\/\/monaghan.ie\/waterservices\/uisce-eireann\/#breadcrumb"},"inLanguage":"en-GB","potentialAction":[{"@type":"ReadAction","target":["https:\/\/monaghan.ie\/waterservices\/uisce-eireann\/"]}]},{"@type":"ImageObject","inLanguage":"en-GB","@id":"https:\/\/monaghan.ie\/waterservices\/uisce-eireann\/#primaryimage","url":"http:\/\/monaghan.ie\/waterservices\/wp-content\/uploads\/sites\/17\/2024\/11\/Uisce-Eireann-Logo-300x180.jpg","contentUrl":"http:\/\/monaghan.ie\/waterservices\/wp-content\/uploads\/sites\/17\/2024\/11\/Uisce-Eireann-Logo-300x180.jpg"},{"@type":"BreadcrumbList","@id":"https:\/\/monaghan.ie\/waterservices\/uisce-eireann\/#breadcrumb","itemListElement":[{"@type":"ListItem","position":1,"name":"Home","item":"https:\/\/monaghan.ie\/waterservices\/"},{"@type":"ListItem","position":2,"name":"Uisce \u00c9ireann"}]},{"@type":"WebSite","@id":"https:\/\/monaghan.ie\/waterservices\/#website","url":"https:\/\/monaghan.ie\/waterservices\/","name":"Water Services","description":"Monaghan County Council","potentialAction":[{"@type":"SearchAction","target":{"@type":"EntryPoint","urlTemplate":"https:\/\/monaghan.ie\/waterservices\/?s={search_term_string}"},"query-input":{"@type":"PropertyValueSpecification","valueRequired":true,"valueName":"search_term_string"}}],"inLanguage":"en-GB"}]}},"_links":{"self":[{"href":"https:\/\/monaghan.ie\/waterservices\/wp-json\/wp\/v2\/pages\/19","targetHints":{"allow":["GET"]}}],"collection":[{"href":"https:\/\/monaghan.ie\/waterservices\/wp-json\/wp\/v2\/pages"}],"about":[{"href":"https:\/\/monaghan.ie\/waterservices\/wp-json\/wp\/v2\/types\/page"}],"author":[{"embeddable":true,"href":"https:\/\/monaghan.ie\/waterservices\/wp-json\/wp\/v2\/users\/1"}],"replies":[{"embeddable":true,"href":"https:\/\/monaghan.ie\/waterservices\/wp-json\/wp\/v2\/comments?post=19"}],"version-history":[{"count":6,"href":"https:\/\/monaghan.ie\/waterservices\/wp-json\/wp\/v2\/pages\/19\/revisions"}],"predecessor-version":[{"id":3790,"href":"https:\/\/monaghan.ie\/waterservices\/wp-json\/wp\/v2\/pages\/19\/revisions\/3790"}],"wp:attachment":[{"href":"https:\/\/monaghan.ie\/waterservices\/wp-json\/wp\/v2\/media?parent=19"}],"curies":[{"name":"wp","href":"https:\/\/api.w.org\/{rel}","templated":true}]}}